{"id":1879,"date":"2015-12-09T13:04:04","date_gmt":"2015-12-09T15:04:04","guid":{"rendered":"http:\/\/eventus.com.br\/novosite\/?page_id=1879"},"modified":"2016-01-27T23:35:58","modified_gmt":"2016-01-28T01:35:58","slug":"eventos-realizados-2009","status":"publish","type":"page","link":"http:\/\/www.eventus.com.br\/portal\/eventos-realizados-2009\/","title":{"rendered":"EVENTOS REALIZADOS 2009"},"content":{"rendered":"<p>&nbsp;<\/p>\n<p>14\u00ba Encontro Nacional da Sociedade Brasileira de Neurologia Infantil<br \/>\nCliente: SBNI<br \/>\n20 e 21 de Novembro de 2009 \u2013 Espa\u00e7o APAS \u2013 S\u00e3o Paulo \u2013 SP<br \/>\n253 participantes<\/p>\n<hr class=\" hr_color\" style=\"margin: 0 auto 30px;\"\/>\n\n<p>IX Semin\u00e1rio Internacional de Gerenciamentos de Projetos<br \/>\nCliente: PMI, Capitulo S\u00e3o Paulo, Brasil<br \/>\n26 a 28 de Outubro de 2009 \u2013 Espa\u00e7o APAS \u2013 S\u00e3o Paulo \u2013 SP<br \/>\n227 participantes<\/p>\n<hr class=\" hr_color\" style=\"margin: 0 auto 30px;\"\/>\n\n<p>V Curso de Atualiza\u00e7\u00e3o em Endocrinologia<br \/>\nCliente: Centro de Estudos da Disciplina de Endocrinologia<br \/>\n24 de Outubro de 2009 \u2013 Conven\u00e7\u00f5es Rebou\u00e7as \u2013 S\u00e3o Paulo \u2013 SP<br \/>\n156 participantes<\/p>\n<hr class=\" hr_color\" style=\"margin: 0 auto 30px;\"\/>\n\n<p>41\u00ba Congresso Brasileiro de Farmacologia e Terap\u00eautica Experimental<br \/>\nCliente: SBFTE<br \/>\n17 a 20 de Outubro de 2009 \u2013 Centro de Conven\u00e7\u00f5es de Ribeir\u00e3o Preto \u2013 Ribeir\u00e3o Preto \u2013 SP<br \/>\n964 participantes<\/p>\n<hr class=\" hr_color\" style=\"margin: 0 auto 30px;\"\/>\n\n<p>Latin American IALE Conference \u2013 Landscape Ecology in Latin America:<br \/>\nChallenges and Perspectives<br \/>\nCliente: Dr. Jean Paul Metzger (IALE-BR)<br \/>\n4 a 7 de Outubro de 2009 \u2013 Grande Hotel \u2013 Campos do Jord\u00e3o \u2013 SP<br \/>\n304 participantes<\/p>\n<hr class=\" hr_color\" style=\"margin: 0 auto 30px;\"\/>\n\n<p>18\u00aa Jornada de UTI Neonatal e Pedi\u00e1trica da Maternidade Sinh\u00e1 Junqueira e<br \/>\n1\u00aa Jornada de UTI Neonatal e Pedi\u00e1trica da SPSP<br \/>\nCliente: Maternidade Sinh\u00e1 Junqueira<br \/>\n17 a 19 de Setembro de 2009 \u2013 Centro de Conven\u00e7\u00f5es de Ribeir\u00e3o Preto \u2013 Ribeir\u00e3o Preto \u2013 SP<br \/>\n232 participantes<\/p>\n<hr class=\" hr_color\" style=\"margin: 0 auto 30px;\"\/>\n\n<p>XX Jornada Paulista de Reumatologia \u2013 I Encontro no Interior de Reumatologia<br \/>\nCliente: Sociedade Paulista de Reumatologia<br \/>\n26 de Setembro de 2009 \u2013 Centro de Conven\u00e7\u00f5es de Ribeir\u00e3o Preto \u2013 Ribeir\u00e3o Preto \u2013 SP<br \/>\n200 participantes<\/p>\n<hr class=\" hr_color\" style=\"margin: 0 auto 30px;\"\/>\n\n<p>ECOS 2009 \u2013 22nd Internacional Conference on Efficiency, Cost, Optimization, Simulation, and Environmental Impact of Energy Systems<br \/>\nCliente: ABCM<br \/>\n31 de Agosto a 3 de Setembro de 2009 \u2013 Mabu Thermas and Resort \u2013 Foz do Igua\u00e7u \u2013 PR<br \/>\n379 participantes<\/p>\n<hr class=\" hr_color\" style=\"margin: 0 auto 30px;\"\/>\n\n<p>II SENAM &#8211; Semin\u00e1rio Nacional de Melhores Pr\u00e1ticas e Propostas de Arrecada\u00e7\u00e3o Municipal e<br \/>\nI EJUMT &#8211; Encontro sobre Julgamento Administrativo Municipal Tribut\u00e1rio<br \/>\nCliente: AAFIT\/SP<br \/>\n26 a 28 de Agosto de 2009 \u2013 Braston Hotel \u2013 S\u00e3o Paulo \u2013 SP<br \/>\n248 participantes<\/p>\n<hr class=\" hr_color\" style=\"margin: 0 auto 30px;\"\/>\n\n<p>V Congresso Brasileiro de Engenharia Cl\u00ednica<br \/>\nII Oficina de Trabalho para a Harmoniza\u00e7\u00e3o do Perfil da Engenharia Cl\u00ednica no Brasil<br \/>\nCliente: Abeclin<br \/>\n2 a 5 de Junho de 2009 \u2013 Expo Center Norte \u2013 S\u00e3o Paulo \u2013 SP<br \/>\n176 participantes<\/p>\n<hr class=\" hr_color\" style=\"margin: 0 auto 30px;\"\/>\n\n<p>8\u00ba COPEM \u2013 Congresso Paulista de Endocrinologia e Metabologia<br \/>\nCliente: SBEM<br \/>\n7 a 9 de Maio de 2009 \u2013 Centro de Conven\u00e7\u00f5es Frei Caneca \u2013 S\u00e3o Paulo \u2013 SP<br \/>\n1146 participantes<\/p>\n","protected":false},"excerpt":{"rendered":"<p>&nbsp; 14\u00ba Encontro Nacional da Sociedade Brasileira de Neurologia Infantil Cliente: SBNI 20 e 21 de Novembro de 2009 \u2013 Espa\u00e7o APAS \u2013 S\u00e3o Paulo \u2013 [&hellip;]<\/p>\n","protected":false},"author":1,"featured_media":2088,"parent":0,"menu_order":0,"comment_status":"closed","ping_status":"closed","template":"","meta":[],"_links":{"self":[{"href":"http:\/\/www.eventus.com.br\/portal\/wp-json\/wp\/v2\/pages\/1879"}],"collection":[{"href":"http:\/\/www.eventus.com.br\/portal\/wp-json\/wp\/v2\/pages"}],"about":[{"href":"http:\/\/www.eventus.com.br\/portal\/wp-json\/wp\/v2\/types\/page"}],"author":[{"embeddable":true,"href":"http:\/\/www.eventus.com.br\/portal\/wp-json\/wp\/v2\/users\/1"}],"replies":[{"embeddable":true,"href":"http:\/\/www.eventus.com.br\/portal\/wp-json\/wp\/v2\/comments?post=1879"}],"version-history":[{"count":5,"href":"http:\/\/www.eventus.com.br\/portal\/wp-json\/wp\/v2\/pages\/1879\/revisions"}],"predecessor-version":[{"id":2068,"href":"http:\/\/www.eventus.com.br\/portal\/wp-json\/wp\/v2\/pages\/1879\/revisions\/2068"}],"wp:featuredmedia":[{"embeddable":true,"href":"http:\/\/www.eventus.com.br\/portal\/wp-json\/wp\/v2\/media\/2088"}],"wp:attachment":[{"href":"http:\/\/www.eventus.com.br\/portal\/wp-json\/wp\/v2\/media?parent=1879"}],"curies":[{"name":"wp","href":"https:\/\/api.w.org\/{rel}","templated":true}]}}