{"id":1881,"date":"2015-12-09T13:09:59","date_gmt":"2015-12-09T15:09:59","guid":{"rendered":"http:\/\/eventus.com.br\/novosite\/?page_id=1881"},"modified":"2016-01-27T23:10:37","modified_gmt":"2016-01-28T01:10:37","slug":"eventos-realizados-2010","status":"publish","type":"page","link":"http:\/\/www.eventus.com.br\/portal\/eventos-realizados-2010\/","title":{"rendered":"EVENTOS REALIZADOS 2010"},"content":{"rendered":"<p>&nbsp;<\/p>\n<p>II Congresso Paulista de Medicina de Fam\u00edlia e Comunidade<br \/>\nCliente: APMFC<br \/>\n2 a 5 de Dezembro de 2010 \u2013 Hotel Majestic \u2013 \u00c1guas de Lind\u00f3ia \u2013 SP<br \/>\n621 partipantes<\/p>\n<hr class=\" hr_color\" style=\"margin: 0 auto 30px;\"\/>\n\n<p>5\u00ba Congresso Brasileiro de Neurologia Infantil<br \/>\n15\u00ba Encontro Nacional da Sociedade Brasileira de Neurologia Infantil<br \/>\nCliente: SBNI<br \/>\n12 e 13 de Novembro de 2010 \u2013 Espa\u00e7o APAS \u2013 S\u00e3o Paulo \u2013 SP<br \/>\n281 participantes<\/p>\n<hr class=\" hr_color\" style=\"margin: 0 auto 30px;\"\/>\n\n<p>XXI Reuni\u00e3o Anual da Sociedade Latinoamericana de Endocrinologia Pediatrica \u2013 SLEP 2010<br \/>\nCliente: SLEP<br \/>\n27 a 30 de Outubro de 2010 \u2013 Costa do Sauipe Grande Hotel \u2013 BA<br \/>\n733 participantes<\/p>\n<hr class=\" hr_color\" style=\"margin: 0 auto 30px;\"\/>\n\n<p>Fifth International Conference on The Epididymis<br \/>\nCliente: Maria Christina Avellar (UNIFESP)<br \/>\n25 a 28 de Outubro de 2010 \u2013 \u00c1guas de S\u00e3o Pedro\u2013 SP<br \/>\n96 participantes<\/p>\n<hr class=\" hr_color\" style=\"margin: 0 auto 30px;\"\/>\n\n<p>42\u00ba Congresso Brasileiro de Farmacologia e Terap\u00eautica Experimental<br \/>\nCliente: SBFTE<br \/>\n18 a 21 de Outubro de 2010 \u2013 Centro de Conven\u00e7\u00f5es de Ribeir\u00e3o Preto \u2013 SP<br \/>\n940 participantes<\/p>\n<hr class=\" hr_color\" style=\"margin: 0 auto 30px;\"\/>\n\n<p>VI Curso de Atualiza\u00e7\u00e3o em Endocrinologia na Pr\u00e1tica Ambulatorial<br \/>\nCliente: Servi\u00e7o de Endocrinologia e Metabologia do HC-FMUSP<br \/>\n2 de Outubro de 2010 \u2013 Centro de Conven\u00e7\u00f5es Rebou\u00e7as \u2013 S\u00e3o Paulo \u2013 SP<br \/>\n88 participantes<\/p>\n<hr class=\" hr_color\" style=\"margin: 0 auto 30px;\"\/>\n\n<p>International Conference on Nutrigenomics (INCON) e 10th International<br \/>\nConference on Mechanisms of Antimutagenesis and Anticarcinogenesis (10th ICMAA)<br \/>\nCliente: Rede Brasileira de Nutrigen\u00f4mica<br \/>\n26 a 29 de Setembro de 2010 \u2013 Hotel Sofitel Jequitimar \u2013 Guaruj\u00e1 \u2013 SP<br \/>\n493 particpantes<\/p>\n<hr class=\" hr_color\" style=\"margin: 0 auto 30px;\"\/>\n\n<p>V Congresso Brasileiro de Mastozoologia<br \/>\nCliente: SBMz<br \/>\n19 a 23 de Setembro de 2010 \u2013 S\u00e3o Pedro \u2013 SP<br \/>\n459 participantes<\/p>\n<hr class=\" hr_color\" style=\"margin: 0 auto 30px;\"\/>\n\n<p>The IFSM International Microscopy Congress \u2013 IMC17<br \/>\nCliente: SBMM<br \/>\n19 a 24 de Setembro de 2010 \u2013 Rio de Janeiro \u2013 RJ<br \/>\n886 participantes<\/p>\n<hr class=\" hr_color\" style=\"margin: 0 auto 30px;\"\/>\n\n<p>10\u00ba Semin\u00e1rio Internacional de Gerenciamentos de Projetos PMI<br \/>\nCliente: PMI-SP<br \/>\n13 a 15 de Setembro de 2010 \u2013 Hotel Bourbon Ibirapuera \u2013 S\u00e3o Paulo \u2013 SP<br \/>\n500 participantes<\/p>\n<hr class=\" hr_color\" style=\"margin: 0 auto 30px;\"\/>\n\n<p>III Semin\u00e1rio Nacional de Melhores Pr\u00e1ticas e Propostas de Gest\u00e3o da Arrecada\u00e7\u00e3o Municipal e II Encontro sobre Julgamento Administrativo Municipal Tribut\u00e1rio<br \/>\nCliente: Associa\u00e7\u00e3o dos Auditores-Fiscais Tribut\u00e1rios do Munic\u00edpio de S\u00e3o Paulo<br \/>\n25 a 27 de Agosto de 2010 \u2013 S\u00e3o Paulo \u2013 SP<br \/>\n242 participantes<\/p>\n<hr class=\" hr_color\" style=\"margin: 0 auto 30px;\"\/>\n\n<p>The Meeting of the Americas \u2013 AGU \u2013 2010<br \/>\nCliente: AGU<br \/>\n8 a 12 de Agosto de 2010 \u2013 Rafain Hotel \u2013 Foz do Igua\u00e7u \u2013 PR<br \/>\n183 participantes<\/p>\n<hr class=\" hr_color\" style=\"margin: 0 auto 30px;\"\/>\n\n<p>VI Congresso Brasileiro de Engenharia Cl\u00ednica<br \/>\nCliente: ABEClin<br \/>\n25 a 28 de Maio de 2010 \u2013 Expo Center Norte \u2013 S\u00e3o Paulo \u2013 SP<br \/>\n234 participantes<\/p>\n<hr class=\" hr_color\" style=\"margin: 0 auto 30px;\"\/>\n\n<p>9\u00ba\u00a0 Congresso Paulista de Diabetes e Metabolismo<br \/>\nCliente: Sociedade Paulista de Diabetes e Metabolismo<br \/>\n13 a 15 de Maio de 2010 \u2013 Grande Hotel S\u00e3o Pedro \u2013 S\u00e3o Paulo \u2013 SP<br \/>\n404 participantes<\/p>\n<hr class=\" hr_color\" style=\"margin: 0 auto 30px;\"\/>\n\n<p>19\u00aa Jornada de Ginecologia e Obstetricia &#8211; Maternidade Sinh\u00e1 Junqueira<br \/>\nCliente: Maternidade Sinh\u00e1 Junqueira<br \/>\n3 a 6 de Mar\u00e7o de 2010 \u2013 Centro de Conven\u00e7\u00f5es de Ribeir\u00e3o Preto \u2013 SP<br \/>\n926 participantes<\/p>\n","protected":false},"excerpt":{"rendered":"<p>&nbsp; II Congresso Paulista de Medicina de Fam\u00edlia e Comunidade Cliente: APMFC 2 a 5 de Dezembro de 2010 \u2013 Hotel Majestic \u2013 \u00c1guas de Lind\u00f3ia [&hellip;]<\/p>\n","protected":false},"author":1,"featured_media":2088,"parent":0,"menu_order":0,"comment_status":"closed","ping_status":"closed","template":"","meta":[],"_links":{"self":[{"href":"http:\/\/www.eventus.com.br\/portal\/wp-json\/wp\/v2\/pages\/1881"}],"collection":[{"href":"http:\/\/www.eventus.com.br\/portal\/wp-json\/wp\/v2\/pages"}],"about":[{"href":"http:\/\/www.eventus.com.br\/portal\/wp-json\/wp\/v2\/types\/page"}],"author":[{"embeddable":true,"href":"http:\/\/www.eventus.com.br\/portal\/wp-json\/wp\/v2\/users\/1"}],"replies":[{"embeddable":true,"href":"http:\/\/www.eventus.com.br\/portal\/wp-json\/wp\/v2\/comments?post=1881"}],"version-history":[{"count":4,"href":"http:\/\/www.eventus.com.br\/portal\/wp-json\/wp\/v2\/pages\/1881\/revisions"}],"predecessor-version":[{"id":2069,"href":"http:\/\/www.eventus.com.br\/portal\/wp-json\/wp\/v2\/pages\/1881\/revisions\/2069"}],"wp:featuredmedia":[{"embeddable":true,"href":"http:\/\/www.eventus.com.br\/portal\/wp-json\/wp\/v2\/media\/2088"}],"wp:attachment":[{"href":"http:\/\/www.eventus.com.br\/portal\/wp-json\/wp\/v2\/media?parent=1881"}],"curies":[{"name":"wp","href":"https:\/\/api.w.org\/{rel}","templated":true}]}}