{"id":1883,"date":"2015-12-09T13:12:47","date_gmt":"2015-12-09T15:12:47","guid":{"rendered":"http:\/\/eventus.com.br\/novosite\/?page_id=1883"},"modified":"2017-07-13T15:53:58","modified_gmt":"2017-07-13T18:53:58","slug":"eventos-realizados-2011","status":"publish","type":"page","link":"http:\/\/www.eventus.com.br\/portal\/eventos-realizados-2011\/","title":{"rendered":"EVENTOS REALIZADOS 2011"},"content":{"rendered":"<h4><a href=\"http:\/\/eventus.com.br\/islet2011\"><img loading=\"lazy\" class=\"alignleft wp-image-1892 size-medium\" src=\"http:\/\/www.eventus.com.br\/portal\/wp-content\/uploads\/2015\/12\/ISLET2011-300x185.jpg\" alt=\"ISLET2011\" width=\"300\" height=\"185\" srcset=\"http:\/\/www.eventus.com.br\/portal\/wp-content\/uploads\/2015\/12\/ISLET2011-300x185.jpg 300w, http:\/\/www.eventus.com.br\/portal\/wp-content\/uploads\/2015\/12\/ISLET2011-237x146.jpg 237w, http:\/\/www.eventus.com.br\/portal\/wp-content\/uploads\/2015\/12\/ISLET2011-50x31.jpg 50w, http:\/\/www.eventus.com.br\/portal\/wp-content\/uploads\/2015\/12\/ISLET2011-122x75.jpg 122w, http:\/\/www.eventus.com.br\/portal\/wp-content\/uploads\/2015\/12\/ISLET2011.jpg 400w\" sizes=\"(max-width: 300px) 100vw, 300px\" \/><\/a><span style=\"color: #ffffff;\">X<br \/>\n<\/span>The Annual Meeting of the EASD Islet Study Group<\/h4>\n<p>Cliente: The European Society for the Study of Diabetes (EASD)<br \/>\n8 a 11 de Maio de 2011<br \/>\nNatal \u2013 RN<br \/>\n109 participantes<\/p>\n<hr class=\" hr_color\" style=\"margin: 0 auto 30px;\"\/>\n\n<h2><img loading=\"lazy\" class=\"alignleft wp-image-1891 size-medium\" src=\"http:\/\/www.eventus.com.br\/portal\/wp-content\/uploads\/2015\/12\/ABESO-300x185.jpg\" alt=\"ABESO\" width=\"300\" height=\"185\" srcset=\"http:\/\/www.eventus.com.br\/portal\/wp-content\/uploads\/2015\/12\/ABESO-300x185.jpg 300w, http:\/\/www.eventus.com.br\/portal\/wp-content\/uploads\/2015\/12\/ABESO-237x146.jpg 237w, http:\/\/www.eventus.com.br\/portal\/wp-content\/uploads\/2015\/12\/ABESO-50x31.jpg 50w, http:\/\/www.eventus.com.br\/portal\/wp-content\/uploads\/2015\/12\/ABESO-122x75.jpg 122w, http:\/\/www.eventus.com.br\/portal\/wp-content\/uploads\/2015\/12\/ABESO.jpg 400w\" sizes=\"(max-width: 300px) 100vw, 300px\" \/><\/h2>\n<h4><span style=\"color: #ffffff;\">X<br \/>\n<\/span>14\u00ba Congresso Brasileiro de Obesidade e da S\u00edndrome Metab\u00f3lica<\/h4>\n<p>Cliente: ABESO<br \/>\n25 a 28 de Maio de 2011<br \/>\nS\u00e3o Paulo \u2013 SP<br \/>\n1448 participantes<\/p>\n<hr class=\" hr_color\" style=\"margin: 0 auto 30px;\"\/>\n\n<h4><img loading=\"lazy\" class=\"alignleft wp-image-1949 size-medium\" src=\"http:\/\/www.eventus.com.br\/portal\/wp-content\/uploads\/2015\/12\/biologico-300x185.jpg\" alt=\"biologico\" width=\"300\" height=\"185\" srcset=\"http:\/\/www.eventus.com.br\/portal\/wp-content\/uploads\/2015\/12\/biologico-300x185.jpg 300w, http:\/\/www.eventus.com.br\/portal\/wp-content\/uploads\/2015\/12\/biologico-237x146.jpg 237w, http:\/\/www.eventus.com.br\/portal\/wp-content\/uploads\/2015\/12\/biologico-50x31.jpg 50w, http:\/\/www.eventus.com.br\/portal\/wp-content\/uploads\/2015\/12\/biologico-122x75.jpg 122w, http:\/\/www.eventus.com.br\/portal\/wp-content\/uploads\/2015\/12\/biologico.jpg 400w\" sizes=\"(max-width: 300px) 100vw, 300px\" \/><span style=\"color: #ffffff;\">X<\/span><br \/>\n12\u00ba Simp\u00f3sio de Controle Biol\u00f3gico (SICONBIOL 2011)<\/h4>\n<p>Cliente: Instituto Biol\u00f3gico (IB\/SP)<br \/>\n18 a 21 de Julho de 2011<br \/>\nS\u00e3o Paulo \u2013 SP<br \/>\n501 participantes<\/p>\n<hr class=\" hr_color\" style=\"margin: 0 auto 30px;\"\/>\n\n<h4><a href=\"http:\/\/eventus.com.br\/pathogens2011\"><img loading=\"lazy\" class=\"alignleft wp-image-1890 size-medium\" src=\"http:\/\/www.eventus.com.br\/portal\/wp-content\/uploads\/2015\/12\/Pathogens2011-300x185.jpg\" alt=\"Pathogens2011\" width=\"300\" height=\"185\" srcset=\"http:\/\/www.eventus.com.br\/portal\/wp-content\/uploads\/2015\/12\/Pathogens2011-300x185.jpg 300w, http:\/\/www.eventus.com.br\/portal\/wp-content\/uploads\/2015\/12\/Pathogens2011-237x146.jpg 237w, http:\/\/www.eventus.com.br\/portal\/wp-content\/uploads\/2015\/12\/Pathogens2011-50x31.jpg 50w, http:\/\/www.eventus.com.br\/portal\/wp-content\/uploads\/2015\/12\/Pathogens2011-122x75.jpg 122w, http:\/\/www.eventus.com.br\/portal\/wp-content\/uploads\/2015\/12\/Pathogens2011.jpg 400w\" sizes=\"(max-width: 300px) 100vw, 300px\" \/><\/a><span style=\"color: #ffffff;\">X<\/span><br \/>\nInternational Meeting on Cellular Biology of Pathogens<\/h4>\n<p>Cliente: Celia R. S. Garcia<br \/>\n7 a 10 de Agosto de 2011<br \/>\nGuaruj\u00e1 \u2013 SP<br \/>\n95 participantes<\/p>\n<hr class=\" hr_color\" style=\"margin: 0 auto 30px;\"\/>\n\n<h4><img loading=\"lazy\" class=\"alignleft wp-image-1889 size-medium\" src=\"http:\/\/www.eventus.com.br\/portal\/wp-content\/uploads\/2015\/12\/ICUP2011-300x185.jpg\" alt=\"ICUP2011\" width=\"300\" height=\"185\" srcset=\"http:\/\/www.eventus.com.br\/portal\/wp-content\/uploads\/2015\/12\/ICUP2011-300x185.jpg 300w, http:\/\/www.eventus.com.br\/portal\/wp-content\/uploads\/2015\/12\/ICUP2011-237x146.jpg 237w, http:\/\/www.eventus.com.br\/portal\/wp-content\/uploads\/2015\/12\/ICUP2011-50x31.jpg 50w, http:\/\/www.eventus.com.br\/portal\/wp-content\/uploads\/2015\/12\/ICUP2011-122x75.jpg 122w, http:\/\/www.eventus.com.br\/portal\/wp-content\/uploads\/2015\/12\/ICUP2011.jpg 400w\" sizes=\"(max-width: 300px) 100vw, 300px\" \/><span style=\"color: #ffffff;\">X<\/span><br \/>\n7th International Conference on Urban Pests (ICUP 2011)<\/h4>\n<p>Cliente: ICUP &#8211; Brazilian Organizing Committee<br \/>\n7 a 10 de Agosto de 2011<br \/>\nOuro Preto \u2013 MG<br \/>\n228 participantes<\/p>\n<hr class=\" hr_color\" style=\"margin: 0 auto 30px;\"\/>\n\n<h4><a href=\"http:\/\/www.eventus.com.br\/freeradicals2011\"><img loading=\"lazy\" class=\"alignleft size-medium wp-image-1951\" src=\"http:\/\/www.eventus.com.br\/portal\/wp-content\/uploads\/2015\/12\/radical-300x185.jpg\" alt=\"radical\" width=\"300\" height=\"185\" srcset=\"http:\/\/www.eventus.com.br\/portal\/wp-content\/uploads\/2015\/12\/radical-300x185.jpg 300w, http:\/\/www.eventus.com.br\/portal\/wp-content\/uploads\/2015\/12\/radical-237x146.jpg 237w, http:\/\/www.eventus.com.br\/portal\/wp-content\/uploads\/2015\/12\/radical-50x31.jpg 50w, http:\/\/www.eventus.com.br\/portal\/wp-content\/uploads\/2015\/12\/radical-122x75.jpg 122w, http:\/\/www.eventus.com.br\/portal\/wp-content\/uploads\/2015\/12\/radical.jpg 400w\" sizes=\"(max-width: 300px) 100vw, 300px\" \/><\/a><span style=\"color: #ffffff;\">X<\/span><br \/>\nFree Radicals in Brazil 2011<\/h4>\n<p>Cliente: SFRBM South American Group Meeting of South American Group of the SFRBM<br \/>\n13 a 21 de Agosto de 2011<br \/>\nS\u00e3o Pedro \u2013 SP<br \/>\n376 participantes<\/p>\n<hr class=\" hr_color\" style=\"margin: 0 auto 30px;\"\/>\n\n<h4><img loading=\"lazy\" class=\"alignleft wp-image-1894 size-medium\" src=\"http:\/\/www.eventus.com.br\/portal\/wp-content\/uploads\/2015\/12\/PMI-SP-300x185.jpg\" alt=\"PMI-SP\" width=\"300\" height=\"185\" srcset=\"http:\/\/www.eventus.com.br\/portal\/wp-content\/uploads\/2015\/12\/PMI-SP-300x185.jpg 300w, http:\/\/www.eventus.com.br\/portal\/wp-content\/uploads\/2015\/12\/PMI-SP-237x146.jpg 237w, http:\/\/www.eventus.com.br\/portal\/wp-content\/uploads\/2015\/12\/PMI-SP-50x31.jpg 50w, http:\/\/www.eventus.com.br\/portal\/wp-content\/uploads\/2015\/12\/PMI-SP-122x75.jpg 122w, http:\/\/www.eventus.com.br\/portal\/wp-content\/uploads\/2015\/12\/PMI-SP.jpg 400w\" sizes=\"(max-width: 300px) 100vw, 300px\" \/><span style=\"color: #ffffff;\">x<\/span><br \/>\n11\u00ba Semin\u00e1rio Internacional de Gerenciamento de Projetos \u2013 PMISP<\/h4>\n<p>Cliente: PMISP<br \/>\n15 a 17 de Agosto de 2011<br \/>\nS\u00e3o Paulo \u2013 SP<br \/>\n319 participantes<\/p>\n<p><span style=\"color: #ffffff;\">\u00a0<\/span><\/p>\n<hr class=\" hr_color\" style=\"margin: 0 auto 30px;\"\/>\n\n<h4><img loading=\"lazy\" class=\"alignleft wp-image-1888 size-medium\" src=\"http:\/\/www.eventus.com.br\/portal\/wp-content\/uploads\/2015\/12\/SBEM-300x185.jpg\" alt=\"SBEM\" width=\"300\" height=\"185\" srcset=\"http:\/\/www.eventus.com.br\/portal\/wp-content\/uploads\/2015\/12\/SBEM-300x185.jpg 300w, http:\/\/www.eventus.com.br\/portal\/wp-content\/uploads\/2015\/12\/SBEM-237x146.jpg 237w, http:\/\/www.eventus.com.br\/portal\/wp-content\/uploads\/2015\/12\/SBEM-50x31.jpg 50w, http:\/\/www.eventus.com.br\/portal\/wp-content\/uploads\/2015\/12\/SBEM-122x75.jpg 122w, http:\/\/www.eventus.com.br\/portal\/wp-content\/uploads\/2015\/12\/SBEM.jpg 400w\" sizes=\"(max-width: 300px) 100vw, 300px\" \/><span style=\"color: #ffffff;\">x<\/span><br \/>\nIV Congresso Brasileiro de Atualiza\u00e7\u00e3o em Endocrinologia e Metabologia (CBAEM)<br \/>\nX Congresso Paulista de Endocrinologia e Metabolismo (COPEM)<\/h4>\n<p>Cliente: SBEM<br \/>\nX Congresso Paulista de Endocrinologia e Metabolismo (COPEM)<br \/>\n25 a 27 de Agosto de 2011<br \/>\nS\u00e3o Paulo \u2013 SP<br \/>\n2077 participantes<\/p>\n<hr class=\" hr_color\" style=\"margin: 0 auto 30px;\"\/>\n\n<h2><img loading=\"lazy\" class=\"alignleft wp-image-1893 size-medium\" src=\"http:\/\/www.eventus.com.br\/portal\/wp-content\/uploads\/2015\/12\/SENAM-300x185.jpg\" alt=\"SENAM\" width=\"300\" height=\"185\" srcset=\"http:\/\/www.eventus.com.br\/portal\/wp-content\/uploads\/2015\/12\/SENAM-300x185.jpg 300w, http:\/\/www.eventus.com.br\/portal\/wp-content\/uploads\/2015\/12\/SENAM-237x146.jpg 237w, http:\/\/www.eventus.com.br\/portal\/wp-content\/uploads\/2015\/12\/SENAM-50x31.jpg 50w, http:\/\/www.eventus.com.br\/portal\/wp-content\/uploads\/2015\/12\/SENAM-122x75.jpg 122w, http:\/\/www.eventus.com.br\/portal\/wp-content\/uploads\/2015\/12\/SENAM.jpg 400w\" sizes=\"(max-width: 300px) 100vw, 300px\" \/><\/h2>\n<h4><span style=\"color: #ffffff;\">X<\/span><br \/>\nIV Semin\u00e1rio Nacional de Melhores Pr\u00e1ticas e Propostas de Arrecada\u00e7\u00e3o Municipal e<br \/>\nIII Encontro sobre Julgamento Administrativo Municipal Tribut\u00e1rio<\/h4>\n<p>Cliente: Associa\u00e7\u00e3o dos Auditores-Fiscais Tribut\u00e1rios do Munic\u00edpio de S\u00e3o Paulo<br \/>\n24 a 26 de Agosto de 2011<br \/>\nS\u00e3o Paulo \u2013 SP<br \/>\n196 participantes<\/p>\n<hr class=\" hr_color\" style=\"margin: 0 auto 30px;\"\/>\n\n<h2><img loading=\"lazy\" class=\"alignleft wp-image-1887 size-medium\" src=\"http:\/\/www.eventus.com.br\/portal\/wp-content\/uploads\/2015\/12\/GESTALT2011-300x185.jpg\" alt=\"GESTALT2011\" width=\"300\" height=\"185\" srcset=\"http:\/\/www.eventus.com.br\/portal\/wp-content\/uploads\/2015\/12\/GESTALT2011-300x185.jpg 300w, http:\/\/www.eventus.com.br\/portal\/wp-content\/uploads\/2015\/12\/GESTALT2011-237x146.jpg 237w, http:\/\/www.eventus.com.br\/portal\/wp-content\/uploads\/2015\/12\/GESTALT2011-50x31.jpg 50w, http:\/\/www.eventus.com.br\/portal\/wp-content\/uploads\/2015\/12\/GESTALT2011-122x75.jpg 122w, http:\/\/www.eventus.com.br\/portal\/wp-content\/uploads\/2015\/12\/GESTALT2011.jpg 400w\" sizes=\"(max-width: 300px) 100vw, 300px\" \/><\/h2>\n<h4><span style=\"color: #ffffff;\">X<\/span><br \/>\nXIII Encontro Nacional de Gestalt-terapia e X Congresso Brasileiro da Abordagem Gest\u00e1ltica<\/h4>\n<p>Cliente: Gestalt Organiza\u00e7\u00e3o de Eventos Ltda<br \/>\n7 a 10 de Setembro de 2011<br \/>\nS\u00e3o Pedro \u2013 SP<br \/>\n442 participantes<\/p>\n<hr class=\" hr_color\" style=\"margin: 0 auto 30px;\"\/>\n\n<h4><a href=\"http:\/\/eventus.com.br\/isan2011\/\" target=\"_blank\" rel=\"noopener\"><img loading=\"lazy\" class=\"alignleft wp-image-1953 size-medium\" src=\"http:\/\/www.eventus.com.br\/portal\/wp-content\/uploads\/2015\/12\/joint-300x185.jpg\" alt=\"joint\" width=\"300\" height=\"185\" srcset=\"http:\/\/www.eventus.com.br\/portal\/wp-content\/uploads\/2015\/12\/joint-300x185.jpg 300w, http:\/\/www.eventus.com.br\/portal\/wp-content\/uploads\/2015\/12\/joint-237x146.jpg 237w, http:\/\/www.eventus.com.br\/portal\/wp-content\/uploads\/2015\/12\/joint-50x31.jpg 50w, http:\/\/www.eventus.com.br\/portal\/wp-content\/uploads\/2015\/12\/joint-122x75.jpg 122w, http:\/\/www.eventus.com.br\/portal\/wp-content\/uploads\/2015\/12\/joint.jpg 400w\" sizes=\"(max-width: 300px) 100vw, 300px\" \/><\/a><span style=\"color: #ffffff;\">X<\/span><br \/>\n7th Congress of the International Society for Autonomic Neuroscience (ISAN)<\/h4>\n<p>Cliente: ISAN<br \/>\n12 a 16 de Setembro de 2011<br \/>\nB\u00fazios \u2013 RJ<br \/>\n364 participantes<\/p>\n<hr class=\" hr_color\" style=\"margin: 0 auto 30px;\"\/>\n\n<h4><a href=\"http:\/\/eventus.com.br\/endocrinologia2011\/\" target=\"_blank\" rel=\"noopener\"><img loading=\"lazy\" class=\"alignleft wp-image-1955 size-medium\" src=\"http:\/\/www.eventus.com.br\/portal\/wp-content\/uploads\/2015\/12\/endo-300x185.jpg\" alt=\"endo\" width=\"300\" height=\"185\" srcset=\"http:\/\/www.eventus.com.br\/portal\/wp-content\/uploads\/2015\/12\/endo-300x185.jpg 300w, http:\/\/www.eventus.com.br\/portal\/wp-content\/uploads\/2015\/12\/endo-237x146.jpg 237w, http:\/\/www.eventus.com.br\/portal\/wp-content\/uploads\/2015\/12\/endo-50x31.jpg 50w, http:\/\/www.eventus.com.br\/portal\/wp-content\/uploads\/2015\/12\/endo-122x75.jpg 122w, http:\/\/www.eventus.com.br\/portal\/wp-content\/uploads\/2015\/12\/endo.jpg 400w\" sizes=\"(max-width: 300px) 100vw, 300px\" \/><\/a><span style=\"color: #ffffff;\">X<\/span><br \/>\n7\u00ba Curso de Atualiza\u00e7\u00e3o em Endocrinologia na Pr\u00e1tica Ambulatorial<\/h4>\n<p>Cliente: Disciplina de Endocrinologia da FMUSP<br \/>\n29 de Outubro de 2011<br \/>\nS\u00e3o Paulo \u2013 SP<br \/>\n133 participantes<\/p>\n<hr class=\" hr_color\" style=\"margin: 0 auto 30px;\"\/>\n\n<h4><img loading=\"lazy\" class=\"alignleft wp-image-1886 size-medium\" src=\"http:\/\/www.eventus.com.br\/portal\/wp-content\/uploads\/2015\/12\/sbni-300x185.jpg\" alt=\"sbni\" width=\"300\" height=\"185\" srcset=\"http:\/\/www.eventus.com.br\/portal\/wp-content\/uploads\/2015\/12\/sbni-300x185.jpg 300w, http:\/\/www.eventus.com.br\/portal\/wp-content\/uploads\/2015\/12\/sbni-237x146.jpg 237w, http:\/\/www.eventus.com.br\/portal\/wp-content\/uploads\/2015\/12\/sbni-50x31.jpg 50w, http:\/\/www.eventus.com.br\/portal\/wp-content\/uploads\/2015\/12\/sbni-122x75.jpg 122w, http:\/\/www.eventus.com.br\/portal\/wp-content\/uploads\/2015\/12\/sbni.jpg 400w\" sizes=\"(max-width: 300px) 100vw, 300px\" \/><span style=\"color: #ffffff;\">X<br \/>\n<\/span>16\u00ba Encontro Brasileiro de Neurologia Infantil<\/h4>\n<p>Cliente: SBNI<br \/>\n4 e 5 de Novembro de 2011<br \/>\nS\u00e3o Paulo \u2013 SP<br \/>\n303 participantes<\/p>\n<hr class=\" hr_color\" style=\"margin: 0 auto 30px;\"\/>\n\n<h4><a href=\"http:\/\/www.epi2011.com.br\" target=\"_blank\" rel=\"noopener\"><img loading=\"lazy\" class=\"alignleft wp-image-1885 size-medium\" src=\"http:\/\/www.eventus.com.br\/portal\/wp-content\/uploads\/2015\/12\/Abrasco2011-300x185.jpg\" alt=\"Abrasco2011\" width=\"300\" height=\"185\" srcset=\"http:\/\/www.eventus.com.br\/portal\/wp-content\/uploads\/2015\/12\/Abrasco2011-300x185.jpg 300w, http:\/\/www.eventus.com.br\/portal\/wp-content\/uploads\/2015\/12\/Abrasco2011-237x146.jpg 237w, http:\/\/www.eventus.com.br\/portal\/wp-content\/uploads\/2015\/12\/Abrasco2011-50x31.jpg 50w, http:\/\/www.eventus.com.br\/portal\/wp-content\/uploads\/2015\/12\/Abrasco2011-122x75.jpg 122w, http:\/\/www.eventus.com.br\/portal\/wp-content\/uploads\/2015\/12\/Abrasco2011.jpg 400w\" sizes=\"(max-width: 300px) 100vw, 300px\" \/><\/a><span style=\"color: #ffffff;\">X<br \/>\n<\/span>VIII Congresso Brasileiro de Epidemiologia<\/h4>\n<p>Cliente: ABRASCO<br \/>\n12 a 16 de Novembro de 2011<br \/>\nS\u00e3o Paulo \u2013 SP<br \/>\n3600 participantes<\/p>\n","protected":false},"excerpt":{"rendered":"<p>X The Annual Meeting of the EASD Islet Study Group Cliente: The European Society for the Study of Diabetes (EASD) 8 a 11 de Maio de [&hellip;]<\/p>\n","protected":false},"author":1,"featured_media":2088,"parent":0,"menu_order":0,"comment_status":"closed","ping_status":"closed","template":"","meta":[],"_links":{"self":[{"href":"http:\/\/www.eventus.com.br\/portal\/wp-json\/wp\/v2\/pages\/1883"}],"collection":[{"href":"http:\/\/www.eventus.com.br\/portal\/wp-json\/wp\/v2\/pages"}],"about":[{"href":"http:\/\/www.eventus.com.br\/portal\/wp-json\/wp\/v2\/types\/page"}],"author":[{"embeddable":true,"href":"http:\/\/www.eventus.com.br\/portal\/wp-json\/wp\/v2\/users\/1"}],"replies":[{"embeddable":true,"href":"http:\/\/www.eventus.com.br\/portal\/wp-json\/wp\/v2\/comments?post=1883"}],"version-history":[{"count":27,"href":"http:\/\/www.eventus.com.br\/portal\/wp-json\/wp\/v2\/pages\/1883\/revisions"}],"predecessor-version":[{"id":2315,"href":"http:\/\/www.eventus.com.br\/portal\/wp-json\/wp\/v2\/pages\/1883\/revisions\/2315"}],"wp:featuredmedia":[{"embeddable":true,"href":"http:\/\/www.eventus.com.br\/portal\/wp-json\/wp\/v2\/media\/2088"}],"wp:attachment":[{"href":"http:\/\/www.eventus.com.br\/portal\/wp-json\/wp\/v2\/media?parent=1883"}],"curies":[{"name":"wp","href":"https:\/\/api.w.org\/{rel}","templated":true}]}}