{"id":1908,"date":"2015-12-09T14:19:00","date_gmt":"2015-12-09T16:19:00","guid":{"rendered":"http:\/\/eventus.com.br\/novosite\/?page_id=1908"},"modified":"2017-07-13T15:47:31","modified_gmt":"2017-07-13T18:47:31","slug":"eventos-realizados-2012","status":"publish","type":"page","link":"http:\/\/www.eventus.com.br\/portal\/eventos-realizados-2012\/","title":{"rendered":"EVENTOS REALIZADOS 2012"},"content":{"rendered":"<h4><a href=\"http:\/\/eventus.com.br\/crr2012\"><img loading=\"lazy\" class=\"alignleft wp-image-1930 size-medium\" src=\"http:\/\/www.eventus.com.br\/portal\/wp-content\/uploads\/2015\/12\/reumatologista-300x184.jpg\" alt=\"reumatologista\" width=\"300\" height=\"184\" srcset=\"http:\/\/www.eventus.com.br\/portal\/wp-content\/uploads\/2015\/12\/reumatologista-300x184.jpg 300w, http:\/\/www.eventus.com.br\/portal\/wp-content\/uploads\/2015\/12\/reumatologista-238x146.jpg 238w, http:\/\/www.eventus.com.br\/portal\/wp-content\/uploads\/2015\/12\/reumatologista-50x31.jpg 50w, http:\/\/www.eventus.com.br\/portal\/wp-content\/uploads\/2015\/12\/reumatologista-122x75.jpg 122w, http:\/\/www.eventus.com.br\/portal\/wp-content\/uploads\/2015\/12\/reumatologista.jpg 401w\" sizes=\"(max-width: 300px) 100vw, 300px\" \/><\/a><span style=\"color: #ffffff;\">X<\/span><br \/>\nVI Curso de Revis\u00e3o para Reumatologistas<\/h4>\n<p>Cliente: SPR<br \/>\n3 e 4 de Mar\u00e7o de 2012<br \/>\nS\u00e3o Paulo \u2013 SP<br \/>\n182 participantes<\/p>\n<hr class=\" hr_color\" style=\"margin: 0 auto 30px;\"\/>\n\n<h4><a href=\"http:\/\/eventus.com.br\/pptr2012\"><img loading=\"lazy\" class=\"alignleft wp-image-1932 size-medium\" src=\"http:\/\/www.eventus.com.br\/portal\/wp-content\/uploads\/2015\/12\/pptr-300x175.jpg\" alt=\"pptr\" width=\"300\" height=\"175\" srcset=\"http:\/\/www.eventus.com.br\/portal\/wp-content\/uploads\/2015\/12\/pptr-300x175.jpg 300w, http:\/\/www.eventus.com.br\/portal\/wp-content\/uploads\/2015\/12\/pptr-250x146.jpg 250w, http:\/\/www.eventus.com.br\/portal\/wp-content\/uploads\/2015\/12\/pptr-50x29.jpg 50w, http:\/\/www.eventus.com.br\/portal\/wp-content\/uploads\/2015\/12\/pptr-128x75.jpg 128w, http:\/\/www.eventus.com.br\/portal\/wp-content\/uploads\/2015\/12\/pptr.jpg 421w\" sizes=\"(max-width: 300px) 100vw, 300px\" \/><\/a><span style=\"color: #ffffff;\">X<\/span><br \/>\n4th International Meeting on Physiology and Pharmacology of Temperature Regulation<\/h4>\n<p>Cliente: Gloria Emilia Petto de Souza &#8211; FCFRP USP<br \/>\n22 a 25 de Mar\u00e7o de 2012<br \/>\nB\u00fazios \u2013 RJ<br \/>\n77 participantes<\/p>\n<hr class=\" hr_color\" style=\"margin: 0 auto 30px;\"\/>\n\n<h4><a href=\"http:\/\/congressogife.org.br\/2012\/\"><img loading=\"lazy\" class=\"alignleft wp-image-1915 size-medium\" src=\"http:\/\/www.eventus.com.br\/portal\/wp-content\/uploads\/2015\/12\/GIFE-300x185.jpg\" alt=\"GIFE\" width=\"300\" height=\"185\" srcset=\"http:\/\/www.eventus.com.br\/portal\/wp-content\/uploads\/2015\/12\/GIFE-300x185.jpg 300w, http:\/\/www.eventus.com.br\/portal\/wp-content\/uploads\/2015\/12\/GIFE-237x146.jpg 237w, http:\/\/www.eventus.com.br\/portal\/wp-content\/uploads\/2015\/12\/GIFE-50x31.jpg 50w, http:\/\/www.eventus.com.br\/portal\/wp-content\/uploads\/2015\/12\/GIFE-122x75.jpg 122w, http:\/\/www.eventus.com.br\/portal\/wp-content\/uploads\/2015\/12\/GIFE.jpg 400w\" sizes=\"(max-width: 300px) 100vw, 300px\" \/><\/a><span style=\"color: #ffffff;\">X<\/span><br \/>\n7\u00ba Congresso GIFE<\/h4>\n<p>Cliente: GIFE<br \/>\n26 a 30 de Mar\u00e7o de 2012<br \/>\nS\u00e3o Paulo \u2013 SP<br \/>\n720 participantes<\/p>\n<hr class=\" hr_color\" style=\"margin: 0 auto 30px;\"\/>\n\n<h4><a href=\"http:\/\/eventus.com.br\/era2012\" target=\"_blank\" rel=\"noopener\"><img loading=\"lazy\" class=\"alignleft wp-image-1933 size-medium\" src=\"http:\/\/www.eventus.com.br\/portal\/wp-content\/uploads\/2015\/12\/era-300x185.jpg\" alt=\"era\" width=\"300\" height=\"185\" srcset=\"http:\/\/www.eventus.com.br\/portal\/wp-content\/uploads\/2015\/12\/era-300x185.jpg 300w, http:\/\/www.eventus.com.br\/portal\/wp-content\/uploads\/2015\/12\/era-237x146.jpg 237w, http:\/\/www.eventus.com.br\/portal\/wp-content\/uploads\/2015\/12\/era-50x31.jpg 50w, http:\/\/www.eventus.com.br\/portal\/wp-content\/uploads\/2015\/12\/era-122x75.jpg 122w, http:\/\/www.eventus.com.br\/portal\/wp-content\/uploads\/2015\/12\/era.jpg 400w\" sizes=\"(max-width: 300px) 100vw, 300px\" \/><\/a><span style=\"color: #ffffff;\">X<\/span><br \/>\nXVIII Encontro de Reumatologia Avan\u00e7ada \u2013 ERA<\/h4>\n<p>Cliente: Sociedade Paulista de Reumatologia<br \/>\n3 a 5 de Maio de 2012<br \/>\nS\u00e3o Paulo \u2013 SP<br \/>\n417 participantes<\/p>\n<hr class=\" hr_color\" style=\"margin: 0 auto 30px;\"\/>\n\n<h4><a href=\"http:\/\/eventus.com.br\/diabetes\" target=\"_blank\" rel=\"noopener\"><img loading=\"lazy\" class=\"alignleft wp-image-1934 size-medium\" src=\"http:\/\/www.eventus.com.br\/portal\/wp-content\/uploads\/2015\/12\/diabetes-300x192.jpg\" alt=\"diabetes\" width=\"300\" height=\"192\" srcset=\"http:\/\/www.eventus.com.br\/portal\/wp-content\/uploads\/2015\/12\/diabetes-300x192.jpg 300w, http:\/\/www.eventus.com.br\/portal\/wp-content\/uploads\/2015\/12\/diabetes-228x146.jpg 228w, http:\/\/www.eventus.com.br\/portal\/wp-content\/uploads\/2015\/12\/diabetes-50x32.jpg 50w, http:\/\/www.eventus.com.br\/portal\/wp-content\/uploads\/2015\/12\/diabetes-117x75.jpg 117w, http:\/\/www.eventus.com.br\/portal\/wp-content\/uploads\/2015\/12\/diabetes.jpg 400w\" sizes=\"(max-width: 300px) 100vw, 300px\" \/><\/a><span style=\"color: #ffffff;\">X<\/span><br \/>\n10\u00ba Congresso Paulista de Diabetes e Metabolismo<\/h4>\n<p>Cliente: Sociedade Paulista de Diabetes e Metabolismo<br \/>\n17 a 19 de Maio de 2012<br \/>\nRibeir\u00e3o Preto \u2013 SP<br \/>\n482 participantes<\/p>\n<hr class=\" hr_color\" style=\"margin: 0 auto 30px;\"\/>\n\n<h4><a href=\"http:\/\/www.ipacamp.org.br\/congresso2012\" target=\"_blank\" rel=\"noopener\"><img loading=\"lazy\" class=\"alignleft wp-image-1936 size-medium\" src=\"http:\/\/www.eventus.com.br\/portal\/wp-content\/uploads\/2015\/12\/junquiana-300x185.jpg\" alt=\"junquiana\" width=\"300\" height=\"185\" srcset=\"http:\/\/www.eventus.com.br\/portal\/wp-content\/uploads\/2015\/12\/junquiana-300x185.jpg 300w, http:\/\/www.eventus.com.br\/portal\/wp-content\/uploads\/2015\/12\/junquiana-237x146.jpg 237w, http:\/\/www.eventus.com.br\/portal\/wp-content\/uploads\/2015\/12\/junquiana-50x31.jpg 50w, http:\/\/www.eventus.com.br\/portal\/wp-content\/uploads\/2015\/12\/junquiana-122x75.jpg 122w, http:\/\/www.eventus.com.br\/portal\/wp-content\/uploads\/2015\/12\/junquiana.jpg 400w\" sizes=\"(max-width: 300px) 100vw, 300px\" \/><\/a><span style=\"color: #ffffff;\">X<\/span><br \/>\nXX Congresso Nacional da Associa\u00e7\u00e3o Junguiana do Brasil<\/h4>\n<p>Cliente: IPACAMP<br \/>\n14 a 17 de Junho de 2012<br \/>\nS\u00e3o Pedro \u2013 SP<br \/>\n188 participantes<\/p>\n<hr class=\" hr_color\" style=\"margin: 0 auto 30px;\"\/>\n\n<h4><a href=\"http:\/\/eventus.com.br\/semanaculturalcplan\" target=\"_blank\" rel=\"noopener\"><img loading=\"lazy\" class=\"alignleft wp-image-1937 size-medium\" src=\"http:\/\/www.eventus.com.br\/portal\/wp-content\/uploads\/2015\/12\/projetos-300x183.jpg\" alt=\"projetos\" width=\"300\" height=\"183\" srcset=\"http:\/\/www.eventus.com.br\/portal\/wp-content\/uploads\/2015\/12\/projetos-300x183.jpg 300w, http:\/\/www.eventus.com.br\/portal\/wp-content\/uploads\/2015\/12\/projetos-239x146.jpg 239w, http:\/\/www.eventus.com.br\/portal\/wp-content\/uploads\/2015\/12\/projetos-50x31.jpg 50w, http:\/\/www.eventus.com.br\/portal\/wp-content\/uploads\/2015\/12\/projetos-123x75.jpg 123w, http:\/\/www.eventus.com.br\/portal\/wp-content\/uploads\/2015\/12\/projetos.jpg 403w\" sizes=\"(max-width: 300px) 100vw, 300px\" \/><\/a><span style=\"color: #ffffff;\">X<\/span><br \/>\n1\u00aa Semana Cultural de Gerenciamento de Projetos<\/h4>\n<p>Cliente: CPLAN<br \/>\n18 a 22 de Junho de 2012<br \/>\nS\u00e3o Paulo \u2013 SP<br \/>\n12 participantes<\/p>\n<hr class=\" hr_color\" style=\"margin: 0 auto 30px;\"\/>\n\n<h4><img loading=\"lazy\" class=\"alignleft wp-image-1917 size-medium\" src=\"http:\/\/www.eventus.com.br\/portal\/wp-content\/uploads\/2015\/12\/ATBC2012-300x185.jpg\" alt=\"ATBC2012\" width=\"300\" height=\"185\" srcset=\"http:\/\/www.eventus.com.br\/portal\/wp-content\/uploads\/2015\/12\/ATBC2012-300x185.jpg 300w, http:\/\/www.eventus.com.br\/portal\/wp-content\/uploads\/2015\/12\/ATBC2012-237x146.jpg 237w, http:\/\/www.eventus.com.br\/portal\/wp-content\/uploads\/2015\/12\/ATBC2012-50x31.jpg 50w, http:\/\/www.eventus.com.br\/portal\/wp-content\/uploads\/2015\/12\/ATBC2012-122x75.jpg 122w, http:\/\/www.eventus.com.br\/portal\/wp-content\/uploads\/2015\/12\/ATBC2012.jpg 400w\" sizes=\"(max-width: 300px) 100vw, 300px\" \/><span style=\"color: #ffffff;\">X<\/span><br \/>\n49th Annual Meeting of the Association for Tropical Biology and Conservation<\/h4>\n<p>Cliente: L\u00facia G. Lohmann (USP)<br \/>\n18 a 22 de Junho de 2012<br \/>\nBonito \u2013 MS<br \/>\n963 participantes<\/p>\n<hr class=\"no_line\" style=\"margin: 0 auto 30px;\"\/>\n\n<h4><a href=\"http:\/\/eventus.com.br\/sbmz2012\"><img loading=\"lazy\" class=\"alignleft wp-image-1939 size-medium\" src=\"http:\/\/www.eventus.com.br\/portal\/wp-content\/uploads\/2015\/12\/masto-300x185.jpg\" alt=\"masto\" width=\"300\" height=\"185\" srcset=\"http:\/\/www.eventus.com.br\/portal\/wp-content\/uploads\/2015\/12\/masto-300x185.jpg 300w, http:\/\/www.eventus.com.br\/portal\/wp-content\/uploads\/2015\/12\/masto-237x146.jpg 237w, http:\/\/www.eventus.com.br\/portal\/wp-content\/uploads\/2015\/12\/masto-50x31.jpg 50w, http:\/\/www.eventus.com.br\/portal\/wp-content\/uploads\/2015\/12\/masto-122x75.jpg 122w, http:\/\/www.eventus.com.br\/portal\/wp-content\/uploads\/2015\/12\/masto.jpg 400w\" sizes=\"(max-width: 300px) 100vw, 300px\" \/><\/a><span style=\"color: #ffffff;\">X<\/span><br \/>\n6\u00b0 Congresso Brasileiro de Mastozoologia<\/h4>\n<p>Cliente: SBMz<br \/>\n25 a 29 de Junho de 2012<br \/>\nCorumb\u00e1 \u2013 MS<br \/>\n514 participantes<\/p>\n<hr class=\" hr_color\" style=\"margin: 0 auto 30px;\"\/>\n\n<h4><a href=\"http:\/\/www.fec.unicamp.br\/~sasbe2012\" target=\"_blank\" rel=\"noopener\"><img loading=\"lazy\" class=\"alignleft wp-image-1920 size-medium\" src=\"http:\/\/www.eventus.com.br\/portal\/wp-content\/uploads\/2015\/12\/SASBE2012-300x185.jpg\" alt=\"SASBE2012\" width=\"300\" height=\"185\" srcset=\"http:\/\/www.eventus.com.br\/portal\/wp-content\/uploads\/2015\/12\/SASBE2012-300x185.jpg 300w, http:\/\/www.eventus.com.br\/portal\/wp-content\/uploads\/2015\/12\/SASBE2012-237x146.jpg 237w, http:\/\/www.eventus.com.br\/portal\/wp-content\/uploads\/2015\/12\/SASBE2012-50x31.jpg 50w, http:\/\/www.eventus.com.br\/portal\/wp-content\/uploads\/2015\/12\/SASBE2012-122x75.jpg 122w, http:\/\/www.eventus.com.br\/portal\/wp-content\/uploads\/2015\/12\/SASBE2012.jpg 400w\" sizes=\"(max-width: 300px) 100vw, 300px\" \/><\/a><span style=\"color: #ffffff;\">X<\/span><br \/>\nSASBE2012 \u2013 4th CIB International Conference on Smart and Sustainable Built Environments<\/h4>\n<p>Cliente: Vanessa Gomes (UNICAMP)<br \/>\n28 a 30 de Junho de 2012<br \/>\nS\u00e3o Paulo \u2013 SP<br \/>\n64 participantes<\/p>\n<hr class=\" hr_color\" style=\"margin: 0 auto 30px;\"\/>\n\n<h2><img loading=\"lazy\" class=\"alignleft wp-image-1919 size-medium\" src=\"http:\/\/www.eventus.com.br\/portal\/wp-content\/uploads\/2015\/12\/IAOP-300x185.jpg\" alt=\"IAOP\" width=\"300\" height=\"185\" srcset=\"http:\/\/www.eventus.com.br\/portal\/wp-content\/uploads\/2015\/12\/IAOP-300x185.jpg 300w, http:\/\/www.eventus.com.br\/portal\/wp-content\/uploads\/2015\/12\/IAOP-237x146.jpg 237w, http:\/\/www.eventus.com.br\/portal\/wp-content\/uploads\/2015\/12\/IAOP-50x31.jpg 50w, http:\/\/www.eventus.com.br\/portal\/wp-content\/uploads\/2015\/12\/IAOP-122x75.jpg 122w, http:\/\/www.eventus.com.br\/portal\/wp-content\/uploads\/2015\/12\/IAOP.jpg 400w\" sizes=\"(max-width: 300px) 100vw, 300px\" \/><\/h2>\n<h4><span style=\"color: #ffffff;\">X<\/span><br \/>\nIAOP \u2013 16th International Congress of Oral Pathology and Medicine<\/h4>\n<p>Cliente: SOBEP<br \/>\n30 de Julho a 3 de Agosto de 2012 \u2013<br \/>\nS\u00e3o Pedro \u2013 SP<br \/>\n529 participantes<\/p>\n<hr class=\" hr_color\" style=\"margin: 0 auto 30px;\"\/>\n\n<h4><img loading=\"lazy\" class=\"alignleft wp-image-1913 size-medium\" src=\"http:\/\/www.eventus.com.br\/portal\/wp-content\/uploads\/2015\/12\/InternationalConferenceOnChemicalThermodynamics-300x185.jpg\" alt=\"InternationalConferenceOnChemicalThermodynamics\" width=\"300\" height=\"185\" srcset=\"http:\/\/www.eventus.com.br\/portal\/wp-content\/uploads\/2015\/12\/InternationalConferenceOnChemicalThermodynamics-300x185.jpg 300w, http:\/\/www.eventus.com.br\/portal\/wp-content\/uploads\/2015\/12\/InternationalConferenceOnChemicalThermodynamics-237x146.jpg 237w, http:\/\/www.eventus.com.br\/portal\/wp-content\/uploads\/2015\/12\/InternationalConferenceOnChemicalThermodynamics-50x31.jpg 50w, http:\/\/www.eventus.com.br\/portal\/wp-content\/uploads\/2015\/12\/InternationalConferenceOnChemicalThermodynamics-122x75.jpg 122w, http:\/\/www.eventus.com.br\/portal\/wp-content\/uploads\/2015\/12\/InternationalConferenceOnChemicalThermodynamics.jpg 400w\" sizes=\"(max-width: 300px) 100vw, 300px\" \/><span style=\"color: #ffffff;\">X<\/span><br \/>\nInternational Conference on Chemical Thermodynamics (ICCT 2012)<\/h4>\n<p>Cliente: Watson Loh (UNICAMP)<br \/>\n5 a 10 de Agosto de 2012<br \/>\nB\u00fazios \u2013 RJ<br \/>\n230 participantes<\/p>\n<hr class=\" hr_color\" style=\"margin: 0 auto 30px;\"\/>\n\n<h4><a href=\"http:\/\/eventus.com.br\/clinicamedica\" target=\"_blank\" rel=\"noopener\"><img loading=\"lazy\" class=\"alignleft wp-image-1921 size-medium\" src=\"http:\/\/www.eventus.com.br\/portal\/wp-content\/uploads\/2015\/12\/ClinicaMedica-300x185.jpg\" alt=\"ClinicaMedica\" width=\"300\" height=\"185\" srcset=\"http:\/\/www.eventus.com.br\/portal\/wp-content\/uploads\/2015\/12\/ClinicaMedica-300x185.jpg 300w, http:\/\/www.eventus.com.br\/portal\/wp-content\/uploads\/2015\/12\/ClinicaMedica-237x146.jpg 237w, http:\/\/www.eventus.com.br\/portal\/wp-content\/uploads\/2015\/12\/ClinicaMedica-50x31.jpg 50w, http:\/\/www.eventus.com.br\/portal\/wp-content\/uploads\/2015\/12\/ClinicaMedica-122x75.jpg 122w, http:\/\/www.eventus.com.br\/portal\/wp-content\/uploads\/2015\/12\/ClinicaMedica.jpg 400w\" sizes=\"(max-width: 300px) 100vw, 300px\" \/><\/a><span style=\"color: #ffffff;\">X<\/span><br \/>\nIV Congresso de Clinica M\u00e9dica da Faculdade de Medicina de Ribeir\u00e3o Preto, USP<\/h4>\n<p>Cliente: FMRP-USP<br \/>\n24 e 25 de Agosto de 2012<br \/>\nRibeir\u00e3o Preto \u2013 SP<br \/>\n517 participantes<\/p>\n<hr class=\" hr_color\" style=\"margin: 0 auto 30px;\"\/>\n\n<h2><img loading=\"lazy\" class=\"alignleft wp-image-1918 size-medium\" src=\"http:\/\/www.eventus.com.br\/portal\/wp-content\/uploads\/2015\/12\/SENAM1-300x185.jpg\" alt=\"SENAM\" width=\"300\" height=\"185\" srcset=\"http:\/\/www.eventus.com.br\/portal\/wp-content\/uploads\/2015\/12\/SENAM1-300x185.jpg 300w, http:\/\/www.eventus.com.br\/portal\/wp-content\/uploads\/2015\/12\/SENAM1-237x146.jpg 237w, http:\/\/www.eventus.com.br\/portal\/wp-content\/uploads\/2015\/12\/SENAM1-50x31.jpg 50w, http:\/\/www.eventus.com.br\/portal\/wp-content\/uploads\/2015\/12\/SENAM1-122x75.jpg 122w, http:\/\/www.eventus.com.br\/portal\/wp-content\/uploads\/2015\/12\/SENAM1.jpg 400w\" sizes=\"(max-width: 300px) 100vw, 300px\" \/><\/h2>\n<h4><span style=\"color: #ffffff;\">X<\/span><br \/>\nV SENAM<\/h4>\n<p>Cliente: Associa\u00e7\u00e3o dos Auditores-Fiscais Tribut\u00e1rios do Munic\u00edpio de S\u00e3o Paulo<br \/>\n29 a 31 de Agosto de 2012<br \/>\nS\u00e3o Paulo \u2013 SP<br \/>\n305 participantes<\/p>\n<hr class=\" hr_color\" style=\"margin: 0 auto 30px;\"\/>\n\n<h4><a href=\"http:\/\/eventus.com.br\/reumato_imuno\/\" target=\"_blank\" rel=\"noopener\"><img loading=\"lazy\" class=\"alignleft wp-image-1941 size-medium\" src=\"http:\/\/www.eventus.com.br\/portal\/wp-content\/uploads\/2015\/12\/imu-300x185.jpg\" alt=\"imu\" width=\"300\" height=\"185\" srcset=\"http:\/\/www.eventus.com.br\/portal\/wp-content\/uploads\/2015\/12\/imu-300x185.jpg 300w, http:\/\/www.eventus.com.br\/portal\/wp-content\/uploads\/2015\/12\/imu-237x146.jpg 237w, http:\/\/www.eventus.com.br\/portal\/wp-content\/uploads\/2015\/12\/imu-50x31.jpg 50w, http:\/\/www.eventus.com.br\/portal\/wp-content\/uploads\/2015\/12\/imu-122x75.jpg 122w, http:\/\/www.eventus.com.br\/portal\/wp-content\/uploads\/2015\/12\/imu.jpg 400w\" sizes=\"(max-width: 300px) 100vw, 300px\" \/><\/a><span style=\"color: #ffffff;\">X<\/span><br \/>\nIV Curso de Imunologia<\/h4>\n<p>Cliente: Sociedade Paulista de Reumatologia<br \/>\n1 de Setembro de 2012<br \/>\nS\u00e3o Paulo \u2013 SP<br \/>\n123 participantes<\/p>\n<hr class=\" hr_color\" style=\"margin: 0 auto 30px;\"\/>\n\n<h4><a href=\"http:\/\/eventus.com.br\/iale2012\" target=\"_blank\" rel=\"noopener\"><img loading=\"lazy\" class=\"alignleft wp-image-1923 size-medium\" src=\"http:\/\/www.eventus.com.br\/portal\/wp-content\/uploads\/2015\/12\/IALE2012-300x185.jpg\" alt=\"IALE2012\" width=\"300\" height=\"185\" srcset=\"http:\/\/www.eventus.com.br\/portal\/wp-content\/uploads\/2015\/12\/IALE2012-300x185.jpg 300w, http:\/\/www.eventus.com.br\/portal\/wp-content\/uploads\/2015\/12\/IALE2012-237x146.jpg 237w, http:\/\/www.eventus.com.br\/portal\/wp-content\/uploads\/2015\/12\/IALE2012-50x31.jpg 50w, http:\/\/www.eventus.com.br\/portal\/wp-content\/uploads\/2015\/12\/IALE2012-122x75.jpg 122w, http:\/\/www.eventus.com.br\/portal\/wp-content\/uploads\/2015\/12\/IALE2012.jpg 400w\" sizes=\"(max-width: 300px) 100vw, 300px\" \/><\/a><span style=\"color: #ffffff;\">X<\/span><br \/>\nII Congresso Brasileiro de Ecologia de Paisagens<\/h4>\n<p>Cliente: International Asssociation for Landscape Ecology &#8211; Brasil<br \/>\n9 a 12 de Setembro de 2012<br \/>\nSalvador \u2013 BA<br \/>\n267 participantes<\/p>\n<hr class=\" hr_color\" style=\"margin: 0 auto 30px;\"\/>\n\n<h4><img loading=\"lazy\" class=\"alignleft wp-image-1922 size-medium\" src=\"http:\/\/www.eventus.com.br\/portal\/wp-content\/uploads\/2015\/12\/Geoanalysys-300x185.jpg\" alt=\"Geoanalysys\" width=\"300\" height=\"185\" srcset=\"http:\/\/www.eventus.com.br\/portal\/wp-content\/uploads\/2015\/12\/Geoanalysys-300x185.jpg 300w, http:\/\/www.eventus.com.br\/portal\/wp-content\/uploads\/2015\/12\/Geoanalysys-237x146.jpg 237w, http:\/\/www.eventus.com.br\/portal\/wp-content\/uploads\/2015\/12\/Geoanalysys-50x31.jpg 50w, http:\/\/www.eventus.com.br\/portal\/wp-content\/uploads\/2015\/12\/Geoanalysys-122x75.jpg 122w, http:\/\/www.eventus.com.br\/portal\/wp-content\/uploads\/2015\/12\/Geoanalysys.jpg 400w\" sizes=\"(max-width: 300px) 100vw, 300px\" \/><span style=\"color: #ffffff;\">X<br \/>\n<\/span>The 8th International Conference on the Analysis of Geological and Environmental Materials<\/h4>\n<p>Cliente: International Association of Geoanalysis<br \/>\n16 a 20 de Setembro de 2012<br \/>\nB\u00fazios \u2013 RJ<br \/>\n192 participantes<\/p>\n<hr class=\" hr_color\" style=\"margin: 0 auto 30px;\"\/>\n\n<h4><img loading=\"lazy\" class=\"alignleft wp-image-1914 size-medium\" src=\"http:\/\/www.eventus.com.br\/portal\/wp-content\/uploads\/2015\/12\/PMI-SP1-300x185.jpg\" alt=\"PMI-SP\" width=\"300\" height=\"185\" srcset=\"http:\/\/www.eventus.com.br\/portal\/wp-content\/uploads\/2015\/12\/PMI-SP1-300x185.jpg 300w, http:\/\/www.eventus.com.br\/portal\/wp-content\/uploads\/2015\/12\/PMI-SP1-237x146.jpg 237w, http:\/\/www.eventus.com.br\/portal\/wp-content\/uploads\/2015\/12\/PMI-SP1-50x31.jpg 50w, http:\/\/www.eventus.com.br\/portal\/wp-content\/uploads\/2015\/12\/PMI-SP1-122x75.jpg 122w, http:\/\/www.eventus.com.br\/portal\/wp-content\/uploads\/2015\/12\/PMI-SP1.jpg 400w\" sizes=\"(max-width: 300px) 100vw, 300px\" \/><span style=\"color: #ffffff;\">X<\/span><br \/>\n12\u00ba Semin\u00e1rio Internacional de Projetos<\/h4>\n<p>Cliente: PMI-SP<br \/>\n17 a 19 de Setembro de 2012<br \/>\nS\u00e3o Paulo \u2013 SP<br \/>\n485 participantes<\/p>\n<hr class=\" hr_color\" style=\"margin: 0 auto 30px;\"\/>\n\n<h2><img loading=\"lazy\" class=\"alignleft wp-image-1924 size-medium\" src=\"http:\/\/www.eventus.com.br\/portal\/wp-content\/uploads\/2015\/12\/IV-Congresso-Paulista-de-medicina-de-familia-300x185.jpg\" alt=\"IV Congresso Paulista de medicina de familia\" width=\"300\" height=\"185\" srcset=\"http:\/\/www.eventus.com.br\/portal\/wp-content\/uploads\/2015\/12\/IV-Congresso-Paulista-de-medicina-de-familia-300x185.jpg 300w, http:\/\/www.eventus.com.br\/portal\/wp-content\/uploads\/2015\/12\/IV-Congresso-Paulista-de-medicina-de-familia-237x146.jpg 237w, http:\/\/www.eventus.com.br\/portal\/wp-content\/uploads\/2015\/12\/IV-Congresso-Paulista-de-medicina-de-familia-50x31.jpg 50w, http:\/\/www.eventus.com.br\/portal\/wp-content\/uploads\/2015\/12\/IV-Congresso-Paulista-de-medicina-de-familia-122x75.jpg 122w, http:\/\/www.eventus.com.br\/portal\/wp-content\/uploads\/2015\/12\/IV-Congresso-Paulista-de-medicina-de-familia.jpg 400w\" sizes=\"(max-width: 300px) 100vw, 300px\" \/><\/h2>\n<h4><span style=\"color: #ffffff;\">X<\/span><br \/>\nIV Congresso Paulista de Medicina de Fam\u00edlia e Comunidade<\/h4>\n<p>Cliente: APMFC<br \/>\n28 a 30 de Setembro de 2012<br \/>\n\u00c1guas de Lind\u00f3ia \u2013 SP<br \/>\n734 participantes<\/p>\n<hr class=\" hr_color\" style=\"margin: 0 auto 30px;\"\/>\n\n<h2><img loading=\"lazy\" class=\"alignleft wp-image-1925 size-medium\" src=\"http:\/\/www.eventus.com.br\/portal\/wp-content\/uploads\/2015\/12\/RITA2012-300x185.jpg\" alt=\"RITA2012\" width=\"300\" height=\"185\" srcset=\"http:\/\/www.eventus.com.br\/portal\/wp-content\/uploads\/2015\/12\/RITA2012-300x185.jpg 300w, http:\/\/www.eventus.com.br\/portal\/wp-content\/uploads\/2015\/12\/RITA2012-237x146.jpg 237w, http:\/\/www.eventus.com.br\/portal\/wp-content\/uploads\/2015\/12\/RITA2012-50x31.jpg 50w, http:\/\/www.eventus.com.br\/portal\/wp-content\/uploads\/2015\/12\/RITA2012-122x75.jpg 122w, http:\/\/www.eventus.com.br\/portal\/wp-content\/uploads\/2015\/12\/RITA2012.jpg 400w\" sizes=\"(max-width: 300px) 100vw, 300px\" \/><\/h2>\n<h4><span style=\"color: #ffffff;\">X<\/span><br \/>\nXXIII Rabies in the Americas \u2013 RITA<\/h4>\n<p>Cliente: Ivanete Kotait (Instituto Pasteur de SP)<br \/>\n14 a 18 de Outubro de 2012<br \/>\nS\u00e3o Paulo \u2013 SP<br \/>\n302 participantes<\/p>\n<hr class=\" hr_color\" style=\"margin: 0 auto 30px;\"\/>\n\n<h4><a href=\"http:\/\/www.sbfte.org.br\/congresso-2012\/\"><img loading=\"lazy\" class=\"alignleft wp-image-1916 size-medium\" src=\"http:\/\/www.eventus.com.br\/portal\/wp-content\/uploads\/2015\/12\/SBFTE-300x185.jpg\" alt=\"SBFTE\" width=\"300\" height=\"185\" srcset=\"http:\/\/www.eventus.com.br\/portal\/wp-content\/uploads\/2015\/12\/SBFTE-300x185.jpg 300w, http:\/\/www.eventus.com.br\/portal\/wp-content\/uploads\/2015\/12\/SBFTE-237x146.jpg 237w, http:\/\/www.eventus.com.br\/portal\/wp-content\/uploads\/2015\/12\/SBFTE-50x31.jpg 50w, http:\/\/www.eventus.com.br\/portal\/wp-content\/uploads\/2015\/12\/SBFTE-122x75.jpg 122w, http:\/\/www.eventus.com.br\/portal\/wp-content\/uploads\/2015\/12\/SBFTE.jpg 400w\" sizes=\"(max-width: 300px) 100vw, 300px\" \/><\/a><span style=\"color: #ffffff;\">X<\/span><br \/>\n44\u00ba Congresso Brasileiro de Farmacologia e Terap\u00eautica Experimental<\/h4>\n<p>Cliente: SBFTE<br \/>\n6 a 9 de Novembro de 2012<br \/>\nFoz do Igua\u00e7u \u2013 PR<br \/>\n800 participantes<\/p>\n<hr class=\" hr_color\" style=\"margin: 0 auto 30px;\"\/>\n\n<h4><a href=\"http:\/\/eventus.com.br\/sbni2012\" target=\"_blank\" rel=\"noopener\"><img loading=\"lazy\" class=\"alignleft wp-image-1943 size-medium\" src=\"http:\/\/www.eventus.com.br\/portal\/wp-content\/uploads\/2015\/12\/sbni1-300x185.jpg\" alt=\"sbni\" width=\"300\" height=\"185\" srcset=\"http:\/\/www.eventus.com.br\/portal\/wp-content\/uploads\/2015\/12\/sbni1-300x185.jpg 300w, http:\/\/www.eventus.com.br\/portal\/wp-content\/uploads\/2015\/12\/sbni1-237x146.jpg 237w, http:\/\/www.eventus.com.br\/portal\/wp-content\/uploads\/2015\/12\/sbni1-50x31.jpg 50w, http:\/\/www.eventus.com.br\/portal\/wp-content\/uploads\/2015\/12\/sbni1-122x75.jpg 122w, http:\/\/www.eventus.com.br\/portal\/wp-content\/uploads\/2015\/12\/sbni1.jpg 400w\" sizes=\"(max-width: 300px) 100vw, 300px\" \/><\/a><span style=\"color: #ffffff;\">X<\/span><br \/>\n7\u00ba Congresso Brasileiro de Neurologia Infantil<\/h4>\n<p>Cliente: SBNI<br \/>\n15 a 17 de Novembro de 2012<br \/>\nS\u00e3o Paulo \u2013 SP<br \/>\n424 participantes<\/p>\n","protected":false},"excerpt":{"rendered":"<p>X VI Curso de Revis\u00e3o para Reumatologistas Cliente: SPR 3 e 4 de Mar\u00e7o de 2012 S\u00e3o Paulo \u2013 SP 182 participantes X 4th International Meeting [&hellip;]<\/p>\n","protected":false},"author":1,"featured_media":2088,"parent":0,"menu_order":0,"comment_status":"closed","ping_status":"closed","template":"","meta":[],"_links":{"self":[{"href":"http:\/\/www.eventus.com.br\/portal\/wp-json\/wp\/v2\/pages\/1908"}],"collection":[{"href":"http:\/\/www.eventus.com.br\/portal\/wp-json\/wp\/v2\/pages"}],"about":[{"href":"http:\/\/www.eventus.com.br\/portal\/wp-json\/wp\/v2\/types\/page"}],"author":[{"embeddable":true,"href":"http:\/\/www.eventus.com.br\/portal\/wp-json\/wp\/v2\/users\/1"}],"replies":[{"embeddable":true,"href":"http:\/\/www.eventus.com.br\/portal\/wp-json\/wp\/v2\/comments?post=1908"}],"version-history":[{"count":20,"href":"http:\/\/www.eventus.com.br\/portal\/wp-json\/wp\/v2\/pages\/1908\/revisions"}],"predecessor-version":[{"id":2313,"href":"http:\/\/www.eventus.com.br\/portal\/wp-json\/wp\/v2\/pages\/1908\/revisions\/2313"}],"wp:featuredmedia":[{"embeddable":true,"href":"http:\/\/www.eventus.com.br\/portal\/wp-json\/wp\/v2\/media\/2088"}],"wp:attachment":[{"href":"http:\/\/www.eventus.com.br\/portal\/wp-json\/wp\/v2\/media?parent=1908"}],"curies":[{"name":"wp","href":"https:\/\/api.w.org\/{rel}","templated":true}]}}