{"id":373,"date":"2015-11-15T16:52:28","date_gmt":"2015-11-15T18:52:28","guid":{"rendered":"http:\/\/www.eventus.com.br\/portal\/?page_id=373"},"modified":"2019-09-12T21:02:50","modified_gmt":"2019-09-13T00:02:50","slug":"eventos-realizados-2013","status":"publish","type":"page","link":"http:\/\/www.eventus.com.br\/portal\/eventos-realizados-2013\/","title":{"rendered":"EVENTOS REALIZADOS &#8211; 2013"},"content":{"rendered":"<h4><img loading=\"lazy\" class=\"alignleft wp-image-378 size-medium\" src=\"http:\/\/www.eventus.com.br\/portal\/wp-content\/uploads\/2015\/11\/reumatologista-300x185.jpg\" alt=\"reumatologista\" width=\"300\" height=\"185\" srcset=\"http:\/\/www.eventus.com.br\/portal\/wp-content\/uploads\/2015\/11\/reumatologista-300x185.jpg 300w, http:\/\/www.eventus.com.br\/portal\/wp-content\/uploads\/2015\/11\/reumatologista-237x146.jpg 237w, http:\/\/www.eventus.com.br\/portal\/wp-content\/uploads\/2015\/11\/reumatologista-50x31.jpg 50w, http:\/\/www.eventus.com.br\/portal\/wp-content\/uploads\/2015\/11\/reumatologista-122x75.jpg 122w, http:\/\/www.eventus.com.br\/portal\/wp-content\/uploads\/2015\/11\/reumatologista.jpg 400w\" sizes=\"(max-width: 300px) 100vw, 300px\" \/><span style=\"color: #ffffff;\">X<\/span><br \/>\nVII Curso de Revis\u00e3o para Reumatologistas<\/h4>\n<p>Cliente: SPR<br \/>\n2 e 3 de Mar\u00e7o de 2013<br \/>\nS\u00e3o Paulo \u2013 SP<br \/>\n258 participantes<\/p>\n<hr class=\" hr_color\" style=\"margin: 0 auto 30px;\"\/>\n\n<h4><a href=\"http:\/\/eventus.com.br\/era2013\"><img loading=\"lazy\" class=\"alignleft wp-image-380 size-medium\" src=\"http:\/\/www.eventus.com.br\/portal\/wp-content\/uploads\/2015\/11\/era13-300x185.jpg\" alt=\"era13\" width=\"300\" height=\"185\" srcset=\"http:\/\/www.eventus.com.br\/portal\/wp-content\/uploads\/2015\/11\/era13-300x185.jpg 300w, http:\/\/www.eventus.com.br\/portal\/wp-content\/uploads\/2015\/11\/era13-237x146.jpg 237w, http:\/\/www.eventus.com.br\/portal\/wp-content\/uploads\/2015\/11\/era13-50x31.jpg 50w, http:\/\/www.eventus.com.br\/portal\/wp-content\/uploads\/2015\/11\/era13-122x75.jpg 122w, http:\/\/www.eventus.com.br\/portal\/wp-content\/uploads\/2015\/11\/era13.jpg 400w\" sizes=\"(max-width: 300px) 100vw, 300px\" \/><\/a><span style=\"color: #ffffff;\">X<\/span><br \/>\nXIX Encontro de Reumatologia Avan\u00e7ada &#8211; ERA<\/h4>\n<p>Cliente: SPR<br \/>\n14 a 16 de Mar\u00e7o de 2013<br \/>\nS\u00e3o Paulo \u2013 SP<br \/>\n409 participantes<\/p>\n<hr class=\" hr_color\" style=\"margin: 0 auto 30px;\"\/>\n\n<h4><a href=\"http:\/\/eventus.com.br\/uro_oncologia\/\" target=\"_blank\" rel=\"noopener noreferrer\"><img loading=\"lazy\" class=\"alignleft wp-image-1994 size-medium\" src=\"http:\/\/www.eventus.com.br\/portal\/wp-content\/uploads\/2015\/11\/urologia-300x180.jpg\" alt=\"urologia\" width=\"300\" height=\"180\" srcset=\"http:\/\/www.eventus.com.br\/portal\/wp-content\/uploads\/2015\/11\/urologia-300x180.jpg 300w, http:\/\/www.eventus.com.br\/portal\/wp-content\/uploads\/2015\/11\/urologia-243x146.jpg 243w, http:\/\/www.eventus.com.br\/portal\/wp-content\/uploads\/2015\/11\/urologia-50x30.jpg 50w, http:\/\/www.eventus.com.br\/portal\/wp-content\/uploads\/2015\/11\/urologia-125x75.jpg 125w, http:\/\/www.eventus.com.br\/portal\/wp-content\/uploads\/2015\/11\/urologia.jpg 400w\" sizes=\"(max-width: 300px) 100vw, 300px\" \/><\/a><span style=\"color: #ffffff;\">X<\/span><br \/>\nIV Simp\u00f3sio Internacional de C\u00e2ncer Urol\u00f3gico<\/h4>\n<p>Cliente: ICESP and URO-USP<br \/>\n5 e 6 de Abril de 2013<br \/>\nS\u00e3o Paulo \u2013 SP<br \/>\n613 participantes<\/p>\n<hr class=\" hr_color\" style=\"margin: 0 auto 30px;\"\/>\n\n<h4><a href=\"http:\/\/eventus.com.br\/endocrinologia2013\"><img loading=\"lazy\" class=\"alignleft wp-image-386 size-medium\" src=\"http:\/\/www.eventus.com.br\/portal\/wp-content\/uploads\/2015\/11\/endo2013-300x185.jpg\" alt=\"endo2013\" width=\"300\" height=\"185\" srcset=\"http:\/\/www.eventus.com.br\/portal\/wp-content\/uploads\/2015\/11\/endo2013-300x185.jpg 300w, http:\/\/www.eventus.com.br\/portal\/wp-content\/uploads\/2015\/11\/endo2013-237x146.jpg 237w, http:\/\/www.eventus.com.br\/portal\/wp-content\/uploads\/2015\/11\/endo2013-50x31.jpg 50w, http:\/\/www.eventus.com.br\/portal\/wp-content\/uploads\/2015\/11\/endo2013-122x75.jpg 122w, http:\/\/www.eventus.com.br\/portal\/wp-content\/uploads\/2015\/11\/endo2013.jpg 400w\" sizes=\"(max-width: 300px) 100vw, 300px\" \/><\/a><span style=\"color: #ffffff;\">X<\/span><br \/>\nVIII Curso de Atualiza\u00e7\u00e3o em Endocrinologia na Pr\u00e1tica Ambulatorial<\/h4>\n<p>Cliente: Disciplina de Endocrinologia da FMUSP<br \/>\n13 de Abril de 2013<br \/>\nS\u00e3o Paulo \u2013 SP<br \/>\n255 participantes<\/p>\n<hr class=\" hr_color\" style=\"margin: 0 auto 30px;\"\/>\n\n<h4><img loading=\"lazy\" class=\"alignleft size-medium wp-image-1999\" src=\"http:\/\/www.eventus.com.br\/portal\/wp-content\/uploads\/2015\/11\/ABFM-300x185.jpg\" alt=\"ABFM\" width=\"300\" height=\"185\" srcset=\"http:\/\/www.eventus.com.br\/portal\/wp-content\/uploads\/2015\/11\/ABFM-300x185.jpg 300w, http:\/\/www.eventus.com.br\/portal\/wp-content\/uploads\/2015\/11\/ABFM-237x146.jpg 237w, http:\/\/www.eventus.com.br\/portal\/wp-content\/uploads\/2015\/11\/ABFM-50x31.jpg 50w, http:\/\/www.eventus.com.br\/portal\/wp-content\/uploads\/2015\/11\/ABFM-122x75.jpg 122w, http:\/\/www.eventus.com.br\/portal\/wp-content\/uploads\/2015\/11\/ABFM.jpg 400w\" sizes=\"(max-width: 300px) 100vw, 300px\" \/><span style=\"background-color: #ffffff; color: #ffffff;\">X<\/span><br \/>\nXVIII CBFM (F\u00edsica M\u00e9dica), VI SIIM (Simp\u00f3sio de Instrumenta\u00e7\u00e3o e Imagem M\u00e9dica) e<br \/>\nIX COMFIAM (Congresso de F\u00edsica aplicada \u00e0 Medicina)<\/h4>\n<p>Cliente: ABFM<br \/>\n12 a 16 de Agosto de 2013<br \/>\nS\u00e3o Pedro \u2013 SP<br \/>\n420 participantes<\/p>\n<hr class=\" hr_color\" style=\"margin: 0 auto 30px;\"\/>\n\n<h4><a href=\"http:\/\/eventus.com.br\/imunologia2013\"><img loading=\"lazy\" class=\"alignleft wp-image-388 size-medium\" src=\"http:\/\/www.eventus.com.br\/portal\/wp-content\/uploads\/2015\/11\/curso-300x185.jpg\" alt=\"curso\" width=\"300\" height=\"185\" srcset=\"http:\/\/www.eventus.com.br\/portal\/wp-content\/uploads\/2015\/11\/curso-300x185.jpg 300w, http:\/\/www.eventus.com.br\/portal\/wp-content\/uploads\/2015\/11\/curso-237x146.jpg 237w, http:\/\/www.eventus.com.br\/portal\/wp-content\/uploads\/2015\/11\/curso-50x31.jpg 50w, http:\/\/www.eventus.com.br\/portal\/wp-content\/uploads\/2015\/11\/curso-122x75.jpg 122w, http:\/\/www.eventus.com.br\/portal\/wp-content\/uploads\/2015\/11\/curso.jpg 400w\" sizes=\"(max-width: 300px) 100vw, 300px\" \/><\/a><span style=\"color: #ffffff;\">X<\/span><br \/>\nV Curso de Imunologia<\/h4>\n<p>Cliente: Sociedade Paulista de Reumatologia<br \/>\n7 de Setembro de 2013<br \/>\nS\u00e3o Paulo \u2013 SP<br \/>\n110 participantes<\/p>\n<hr class=\" hr_color\" style=\"margin: 0 auto 30px;\"\/>\n\n<h4><img loading=\"lazy\" class=\"alignleft wp-image-1998 size-medium\" src=\"http:\/\/www.eventus.com.br\/portal\/wp-content\/uploads\/2015\/11\/SENAM-300x185.jpg\" alt=\"SENAM\" width=\"300\" height=\"185\" srcset=\"http:\/\/www.eventus.com.br\/portal\/wp-content\/uploads\/2015\/11\/SENAM-300x185.jpg 300w, http:\/\/www.eventus.com.br\/portal\/wp-content\/uploads\/2015\/11\/SENAM-237x146.jpg 237w, http:\/\/www.eventus.com.br\/portal\/wp-content\/uploads\/2015\/11\/SENAM-50x31.jpg 50w, http:\/\/www.eventus.com.br\/portal\/wp-content\/uploads\/2015\/11\/SENAM-122x75.jpg 122w, http:\/\/www.eventus.com.br\/portal\/wp-content\/uploads\/2015\/11\/SENAM.jpg 400w\" sizes=\"(max-width: 300px) 100vw, 300px\" \/><span style=\"color: #ffffff;\">X<\/span><br \/>\nVI SENAM e V EJUMT<\/h4>\n<p>Cliente: Associa\u00e7\u00e3o dos Auditores-Fiscais Tribut\u00e1rios do Munic\u00edpio de S\u00e3o Paulo<br \/>\n11 a 13 de Setembro de 2013<br \/>\nS\u00e3o Paulo \u2013 SP<br \/>\n228 participantes<\/p>\n<hr class=\" hr_color\" style=\"margin: 0 auto 30px;\"\/>\n\n<h4><a href=\"http:\/\/eventus.com.br\/enaal2013\/index.php\/\"><img loading=\"lazy\" class=\"alignleft wp-image-1997 size-medium\" src=\"http:\/\/www.eventus.com.br\/portal\/wp-content\/uploads\/2015\/11\/Enaal2013-300x185.jpg\" alt=\"Enaal2013\" width=\"300\" height=\"185\" srcset=\"http:\/\/www.eventus.com.br\/portal\/wp-content\/uploads\/2015\/11\/Enaal2013-300x185.jpg 300w, http:\/\/www.eventus.com.br\/portal\/wp-content\/uploads\/2015\/11\/Enaal2013-237x146.jpg 237w, http:\/\/www.eventus.com.br\/portal\/wp-content\/uploads\/2015\/11\/Enaal2013-50x31.jpg 50w, http:\/\/www.eventus.com.br\/portal\/wp-content\/uploads\/2015\/11\/Enaal2013-122x75.jpg 122w, http:\/\/www.eventus.com.br\/portal\/wp-content\/uploads\/2015\/11\/Enaal2013.jpg 400w\" sizes=\"(max-width: 300px) 100vw, 300px\" \/><\/a><span style=\"color: #ffffff;\">X<\/span><br \/>\nXVIII Encontro Nacional e IV Congresso Latino Americano de Analistas de Alimentos<\/h4>\n<p>Cliente: Instituto Adolfo Lutz<br \/>\n15 a 18 de Setembro de 2013<br \/>\nS\u00e3o Paulo \u2013 SP<br \/>\n383 participantes<\/p>\n<hr class=\" hr_color\" style=\"margin: 0 auto 30px;\"\/>\n\n<h4><a href=\"http:\/\/bodycontour.com.br\/site\"><img loading=\"lazy\" class=\"alignleft wp-image-390 size-medium\" src=\"http:\/\/www.eventus.com.br\/portal\/wp-content\/uploads\/2015\/11\/body-300x185.jpg\" alt=\"body\" width=\"300\" height=\"185\" srcset=\"http:\/\/www.eventus.com.br\/portal\/wp-content\/uploads\/2015\/11\/body-300x185.jpg 300w, http:\/\/www.eventus.com.br\/portal\/wp-content\/uploads\/2015\/11\/body-237x146.jpg 237w, http:\/\/www.eventus.com.br\/portal\/wp-content\/uploads\/2015\/11\/body-50x31.jpg 50w, http:\/\/www.eventus.com.br\/portal\/wp-content\/uploads\/2015\/11\/body-122x75.jpg 122w, http:\/\/www.eventus.com.br\/portal\/wp-content\/uploads\/2015\/11\/body.jpg 400w\" sizes=\"(max-width: 300px) 100vw, 300px\" \/><\/a><span style=\"color: #ffffff;\">X<\/span><br \/>\nBody Contour_s\u00e3o paulo<\/h4>\n<p>Cliente: Dr. Raul Gonzalez<br \/>\n20 a 22 de Setembro de 2013<br \/>\nS\u00e3o Paulo \u2013 SP<br \/>\n346 participantes<\/p>\n<hr class=\" hr_color\" style=\"margin: 0 auto 30px;\"\/>\n\n<h4><img loading=\"lazy\" class=\"alignleft size-medium wp-image-1996\" src=\"http:\/\/www.eventus.com.br\/portal\/wp-content\/uploads\/2015\/11\/EMAPI2013-300x185.jpg\" alt=\"EMAPI2013\" width=\"300\" height=\"185\" srcset=\"http:\/\/www.eventus.com.br\/portal\/wp-content\/uploads\/2015\/11\/EMAPI2013-300x185.jpg 300w, http:\/\/www.eventus.com.br\/portal\/wp-content\/uploads\/2015\/11\/EMAPI2013-237x146.jpg 237w, http:\/\/www.eventus.com.br\/portal\/wp-content\/uploads\/2015\/11\/EMAPI2013-50x31.jpg 50w, http:\/\/www.eventus.com.br\/portal\/wp-content\/uploads\/2015\/11\/EMAPI2013-122x75.jpg 122w, http:\/\/www.eventus.com.br\/portal\/wp-content\/uploads\/2015\/11\/EMAPI2013.jpg 400w\" sizes=\"(max-width: 300px) 100vw, 300px\" \/><span style=\"color: #ffffff;\">X<\/span><br \/>\n12th International Conference on Ecology and Management of Alien Plant Invasions (EMAPi)<\/h4>\n<p>Cliente: Universidade de Bras\u00edlia<br \/>\n22 a 26 de Setembro de 2013<br \/>\nPiren\u00f3polis \u2013 GO<br \/>\n136 participantes<\/p>\n<hr class=\" hr_color\" style=\"margin: 0 auto 30px;\"\/>\n\n<h4><a href=\"http:\/\/endourologiausp.com.br.tempdomain.work\/\"><img loading=\"lazy\" class=\"alignleft wp-image-392 size-medium\" src=\"http:\/\/www.eventus.com.br\/portal\/wp-content\/uploads\/2015\/11\/urousp-300x185.png\" alt=\"urousp\" width=\"300\" height=\"185\" srcset=\"http:\/\/www.eventus.com.br\/portal\/wp-content\/uploads\/2015\/11\/urousp-300x185.png 300w, http:\/\/www.eventus.com.br\/portal\/wp-content\/uploads\/2015\/11\/urousp-237x146.png 237w, http:\/\/www.eventus.com.br\/portal\/wp-content\/uploads\/2015\/11\/urousp-50x31.png 50w, http:\/\/www.eventus.com.br\/portal\/wp-content\/uploads\/2015\/11\/urousp-122x75.png 122w, http:\/\/www.eventus.com.br\/portal\/wp-content\/uploads\/2015\/11\/urousp.png 399w\" sizes=\"(max-width: 300px) 100vw, 300px\" \/><\/a><span style=\"color: #ffffff;\">X<\/span><br \/>\nSimp\u00f3sio Internacional de Endourologia<\/h4>\n<p>Cliente: Divis\u00e3o de Cl\u00ednica Urol\u00f3gica &#8211; HC FMUSP<br \/>\n4 e 5 de Outubro de 2013<br \/>\nS\u00e3o Paulo \u2013 SP<br \/>\n371 participantes<\/p>\n<hr class=\" hr_color\" style=\"margin: 0 auto 30px;\"\/>\n\n<h4><a href=\"http:\/\/eventus.com.br\/jornadareumato2013\"><img loading=\"lazy\" class=\"alignleft wp-image-394 size-medium\" src=\"http:\/\/www.eventus.com.br\/portal\/wp-content\/uploads\/2015\/11\/reuma-300x185.jpg\" alt=\"reuma\" width=\"300\" height=\"185\" srcset=\"http:\/\/www.eventus.com.br\/portal\/wp-content\/uploads\/2015\/11\/reuma-300x185.jpg 300w, http:\/\/www.eventus.com.br\/portal\/wp-content\/uploads\/2015\/11\/reuma-237x146.jpg 237w, http:\/\/www.eventus.com.br\/portal\/wp-content\/uploads\/2015\/11\/reuma-50x31.jpg 50w, http:\/\/www.eventus.com.br\/portal\/wp-content\/uploads\/2015\/11\/reuma-122x75.jpg 122w, http:\/\/www.eventus.com.br\/portal\/wp-content\/uploads\/2015\/11\/reuma.jpg 400w\" sizes=\"(max-width: 300px) 100vw, 300px\" \/><\/a><span style=\"color: #ffffff;\">X<\/span><br \/>\nXXII Jornada Paulista de Reumatologia<\/h4>\n<p>Cliente: Sociedade Paulista de Reumatologia<br \/>\n18 e 19 de Outubro de 2013<br \/>\nRibeir\u00e3o Preto \u2013 SP<br \/>\n93 participantes<\/p>\n<hr class=\" hr_color\" style=\"margin: 0 auto 30px;\"\/>\n\n<h4><a href=\"http:\/\/www.sbfte.org.br\/congresso-2013\/\"><img loading=\"lazy\" class=\"alignleft size-medium wp-image-2000\" src=\"http:\/\/www.eventus.com.br\/portal\/wp-content\/uploads\/2015\/11\/SBFTE1-300x185.jpg\" alt=\"SBFTE\" width=\"300\" height=\"185\" srcset=\"http:\/\/www.eventus.com.br\/portal\/wp-content\/uploads\/2015\/11\/SBFTE1-300x185.jpg 300w, http:\/\/www.eventus.com.br\/portal\/wp-content\/uploads\/2015\/11\/SBFTE1-237x146.jpg 237w, http:\/\/www.eventus.com.br\/portal\/wp-content\/uploads\/2015\/11\/SBFTE1-50x31.jpg 50w, http:\/\/www.eventus.com.br\/portal\/wp-content\/uploads\/2015\/11\/SBFTE1-122x75.jpg 122w, http:\/\/www.eventus.com.br\/portal\/wp-content\/uploads\/2015\/11\/SBFTE1.jpg 400w\" sizes=\"(max-width: 300px) 100vw, 300px\" \/><\/a><span style=\"color: #ffffff;\">X<\/span><br \/>\n45\u00ba Congresso Brasileiro de Farmacologia e Terap\u00eautica Experimental<\/h4>\n<p>Cliente: SBFTE<br \/>\n28 a 31 de Outubro de 2013<br \/>\nRibeir\u00e3o Preto \u2013 SP<br \/>\n451 participantes<\/p>\n<hr class=\" hr_color\" style=\"margin: 0 auto 30px;\"\/>\n\n<h4><img loading=\"lazy\" class=\"alignleft wp-image-396 size-medium\" src=\"http:\/\/www.eventus.com.br\/portal\/wp-content\/uploads\/2015\/11\/latino-300x185.jpg\" alt=\"latino\" width=\"300\" height=\"185\" srcset=\"http:\/\/www.eventus.com.br\/portal\/wp-content\/uploads\/2015\/11\/latino-300x185.jpg 300w, http:\/\/www.eventus.com.br\/portal\/wp-content\/uploads\/2015\/11\/latino-237x146.jpg 237w, http:\/\/www.eventus.com.br\/portal\/wp-content\/uploads\/2015\/11\/latino-50x31.jpg 50w, http:\/\/www.eventus.com.br\/portal\/wp-content\/uploads\/2015\/11\/latino-122x75.jpg 122w, http:\/\/www.eventus.com.br\/portal\/wp-content\/uploads\/2015\/11\/latino.jpg 400w\" sizes=\"(max-width: 300px) 100vw, 300px\" \/><span style=\"color: #ffffff;\">X<\/span><br \/>\nI Congresso Latino Americano do Certificado Internacional em Pr\u00e1ticas Colaborativas &#8211; ICCP<\/h4>\n<p>Cliente: Interfaci<br \/>\n6 a 9 de Novembro de 2013<br \/>\nS\u00e3o Paulo \u2013 SP<br \/>\n291 participantes<\/p>\n<hr class=\" hr_color\" style=\"margin: 0 auto 30px;\"\/>\n\n<h4><a href=\"http:\/\/eventus.com.br\/jppm\/\" target=\"_blank\" rel=\"noopener noreferrer\"><img loading=\"lazy\" class=\"alignleft wp-image-1995 size-medium\" src=\"http:\/\/www.eventus.com.br\/portal\/wp-content\/uploads\/2015\/11\/JPPM2013-300x185.jpg\" alt=\"JPPM2013\" width=\"300\" height=\"185\" srcset=\"http:\/\/www.eventus.com.br\/portal\/wp-content\/uploads\/2015\/11\/JPPM2013-300x185.jpg 300w, http:\/\/www.eventus.com.br\/portal\/wp-content\/uploads\/2015\/11\/JPPM2013-237x146.jpg 237w, http:\/\/www.eventus.com.br\/portal\/wp-content\/uploads\/2015\/11\/JPPM2013-50x31.jpg 50w, http:\/\/www.eventus.com.br\/portal\/wp-content\/uploads\/2015\/11\/JPPM2013-122x75.jpg 122w, http:\/\/www.eventus.com.br\/portal\/wp-content\/uploads\/2015\/11\/JPPM2013.jpg 400w\" sizes=\"(max-width: 300px) 100vw, 300px\" \/><\/a><span style=\"color: #ffffff;\">X<\/span><br \/>\n11\u00aa Jornada Paulista de Plantas Medicinais, 1\u00ba Congresso Paulista de Fitoterapia e<br \/>\n1\u00ba Encontro Paulista de Estudantes de Farm\u00e1cia<\/h4>\n<p>Cliente: UNIBAN and APFIT<br \/>\n6 a 9 de Novembro de 2013 \u2013<br \/>\nS\u00e3o Paulo \u2013 SP<br \/>\n144 participantes<\/p>\n<hr class=\" hr_color\" style=\"margin: 0 auto 30px;\"\/>\n\n<h4><a href=\"http:\/\/eventus.com.br\/sbni2013\"><img loading=\"lazy\" class=\"alignleft wp-image-400 size-medium\" src=\"http:\/\/www.eventus.com.br\/portal\/wp-content\/uploads\/2015\/11\/transtornos-300x185.jpg\" alt=\"transtornos\" width=\"300\" height=\"185\" srcset=\"http:\/\/www.eventus.com.br\/portal\/wp-content\/uploads\/2015\/11\/transtornos-300x185.jpg 300w, http:\/\/www.eventus.com.br\/portal\/wp-content\/uploads\/2015\/11\/transtornos-237x146.jpg 237w, http:\/\/www.eventus.com.br\/portal\/wp-content\/uploads\/2015\/11\/transtornos-50x31.jpg 50w, http:\/\/www.eventus.com.br\/portal\/wp-content\/uploads\/2015\/11\/transtornos-122x75.jpg 122w, http:\/\/www.eventus.com.br\/portal\/wp-content\/uploads\/2015\/11\/transtornos.jpg 400w\" sizes=\"(max-width: 300px) 100vw, 300px\" \/><\/a><span style=\"color: #ffffff;\">X<\/span><br \/>\n8\u00ba Congresso Brasileiro de Neurologia Infantil<\/h4>\n<p>Cliente: SBNI<br \/>\n14 a 16 de Novembro de 2013<br \/>\nHotel Maksoud Plaza<br \/>\nS\u00e3o Paulo \u2013 SP<br \/>\n422 participantes<\/p>\n<hr class=\" hr_color\" style=\"margin: 0 auto 30px;\"\/>\n\n","protected":false},"excerpt":{"rendered":"<p>X VII Curso de Revis\u00e3o para Reumatologistas Cliente: SPR 2 e 3 de Mar\u00e7o de 2013 S\u00e3o Paulo \u2013 SP 258 participantes X XIX Encontro de [&hellip;]<\/p>\n","protected":false},"author":1,"featured_media":2088,"parent":0,"menu_order":0,"comment_status":"closed","ping_status":"closed","template":"","meta":[],"_links":{"self":[{"href":"http:\/\/www.eventus.com.br\/portal\/wp-json\/wp\/v2\/pages\/373"}],"collection":[{"href":"http:\/\/www.eventus.com.br\/portal\/wp-json\/wp\/v2\/pages"}],"about":[{"href":"http:\/\/www.eventus.com.br\/portal\/wp-json\/wp\/v2\/types\/page"}],"author":[{"embeddable":true,"href":"http:\/\/www.eventus.com.br\/portal\/wp-json\/wp\/v2\/users\/1"}],"replies":[{"embeddable":true,"href":"http:\/\/www.eventus.com.br\/portal\/wp-json\/wp\/v2\/comments?post=373"}],"version-history":[{"count":28,"href":"http:\/\/www.eventus.com.br\/portal\/wp-json\/wp\/v2\/pages\/373\/revisions"}],"predecessor-version":[{"id":2464,"href":"http:\/\/www.eventus.com.br\/portal\/wp-json\/wp\/v2\/pages\/373\/revisions\/2464"}],"wp:featuredmedia":[{"embeddable":true,"href":"http:\/\/www.eventus.com.br\/portal\/wp-json\/wp\/v2\/media\/2088"}],"wp:attachment":[{"href":"http:\/\/www.eventus.com.br\/portal\/wp-json\/wp\/v2\/media?parent=373"}],"curies":[{"name":"wp","href":"https:\/\/api.w.org\/{rel}","templated":true}]}}