{"id":434,"date":"2015-11-19T16:42:44","date_gmt":"2015-11-19T18:42:44","guid":{"rendered":"http:\/\/www.eventus.com.br\/portal\/?page_id=434"},"modified":"2016-01-27T22:40:16","modified_gmt":"2016-01-28T00:40:16","slug":"2000-1999-1998","status":"publish","type":"page","link":"http:\/\/www.eventus.com.br\/portal\/2000-1999-1998\/","title":{"rendered":"EVENTOS REALIZADOS &#8211; DE 1998 A 2000"},"content":{"rendered":"<h3>2000 &#8211; 15 eventos realizados <span style=\"color: #ffffff;\">X<\/span><\/h3>\n<ul>\n<li>I Jornada Interdisciplinar da Associa\u00e7\u00e3o Cruz Verde<\/li>\n<li>VI Congresso Internacional de Ortodontia<\/li>\n<li>V Encontro da Sociedade Brasileira de Neurologia Infantil<\/li>\n<li>II Congresso Paulista de Educa\u00e7\u00e3o Infantil &#8211; II COPEDI<\/li>\n<li>III SIBRAD &#8211; Simp\u00f3sio de Assist\u00eancia Domiciliar<\/li>\n<li>V Congresso Brasileiro de Psicopatologia Fundamental<\/li>\n<li>XVI Latinamerican Congress of Pharmacology; XXXII Brazilian Congress of Pharmacology and Experimental Therapeutics; II Iberoamerican Congress of Pharmacology; VII Interamerican Congress of Clinical Pharmacology and Therapeutics<\/li>\n<li>Semin\u00e1rio Internacional de Raiva<\/li>\n<li>III Jornada de Distrofia Muscular &#8211; ABDIM<\/li>\n<li>Simp\u00f3sio Ambientes Saud\u00e1veis<\/li>\n<li>Coquetel Comemorativo do Dia Mundial do Cooperativismo<\/li>\n<li>Lan\u00e7amento de Livro &#8211; Funda\u00e7\u00e3o Orsa<\/li>\n<li>IV Congresso Paulista de Diabetes e Metabolismo<\/li>\n<li>Simp\u00f3sio: Manuten\u00e7\u00e3o em Sistemas de Ar Condicionado<\/li>\n<li>I Jornada sobre Desnutri\u00e7\u00e3o Infantil<\/li>\n<\/ul>\n<h3>\u00a0<span style=\"color: #ffffff;\">X<\/span><\/h3>\n<h3>1999 &#8211; 14 eventos realizados<\/h3>\n<ul>\n<li>Simp\u00f3sio Qualidade em Ambientes Hospitalares<\/li>\n<li>II Congr Bras Ciencias Sociais em Sa\u00fade<\/li>\n<li>XIX Simp\u00f3sio Brasileiro de Politica de Adm Educa\u00e7\u00e3o &#8211; ANPAE<\/li>\n<li>XV Cobem 99<\/li>\n<li>IV Workshop Piracena<\/li>\n<li>I Encontro Paulista de Meio Ambiente Brasindoor<\/li>\n<li>VI Congresso Paulista de Sa\u00fade P\u00fablica<\/li>\n<li>IV Jornada Paulista de Plantas Medicinais<\/li>\n<li>VI Congresso Brasileiro De To<\/li>\n<li>XV Jornada Paulista de Reumatologia<\/li>\n<li>Workshop Limnologia<\/li>\n<li>IV Encontro SBNI<\/li>\n<li>Simp\u00f3sio Sat\u00e9lite Cell Homeostasis<\/li>\n<li>NO Brazil<\/li>\n<\/ul>\n<h3>\u00a0<span style=\"color: #ffffff;\">X<\/span><\/h3>\n<h3>1998 &#8211; 07 eventos realizados<\/h3>\n<ul>\n<li>Encontro Nacional P\u00f3s Gradua\u00e7\u00e1o \u00c1rea M\u00e9dica<\/li>\n<li>SA Rocks 98<\/li>\n<li>I COPEDI<\/li>\n<li>XV Simp\u00f3sio de Plantas Medicinais<\/li>\n<li>International Forum Calcium and Iron<\/li>\n<li>III Congresso Paulista Diabetes e Metabolismo<\/li>\n<li>IX ENDIPE<\/li>\n<\/ul>\n","protected":false},"excerpt":{"rendered":"<p>2000 &#8211; 15 eventos realizados X I Jornada Interdisciplinar da Associa\u00e7\u00e3o Cruz Verde VI Congresso Internacional de Ortodontia V Encontro da Sociedade Brasileira de Neurologia Infantil [&hellip;]<\/p>\n","protected":false},"author":1,"featured_media":2088,"parent":0,"menu_order":0,"comment_status":"closed","ping_status":"closed","template":"","meta":[],"_links":{"self":[{"href":"http:\/\/www.eventus.com.br\/portal\/wp-json\/wp\/v2\/pages\/434"}],"collection":[{"href":"http:\/\/www.eventus.com.br\/portal\/wp-json\/wp\/v2\/pages"}],"about":[{"href":"http:\/\/www.eventus.com.br\/portal\/wp-json\/wp\/v2\/types\/page"}],"author":[{"embeddable":true,"href":"http:\/\/www.eventus.com.br\/portal\/wp-json\/wp\/v2\/users\/1"}],"replies":[{"embeddable":true,"href":"http:\/\/www.eventus.com.br\/portal\/wp-json\/wp\/v2\/comments?post=434"}],"version-history":[{"count":11,"href":"http:\/\/www.eventus.com.br\/portal\/wp-json\/wp\/v2\/pages\/434\/revisions"}],"predecessor-version":[{"id":2097,"href":"http:\/\/www.eventus.com.br\/portal\/wp-json\/wp\/v2\/pages\/434\/revisions\/2097"}],"wp:featuredmedia":[{"embeddable":true,"href":"http:\/\/www.eventus.com.br\/portal\/wp-json\/wp\/v2\/media\/2088"}],"wp:attachment":[{"href":"http:\/\/www.eventus.com.br\/portal\/wp-json\/wp\/v2\/media?parent=434"}],"curies":[{"name":"wp","href":"https:\/\/api.w.org\/{rel}","templated":true}]}}