{"id":443,"date":"2015-11-19T17:22:52","date_gmt":"2015-11-19T19:22:52","guid":{"rendered":"http:\/\/www.eventus.com.br\/portal\/?page_id=443"},"modified":"2016-01-27T22:45:54","modified_gmt":"2016-01-28T00:45:54","slug":"2001-2","status":"publish","type":"page","link":"http:\/\/www.eventus.com.br\/portal\/2001-2\/","title":{"rendered":"EVENTOS REALIZADOS &#8211; 2001"},"content":{"rendered":"<p>&nbsp;<\/p>\n<p>Semin\u00e1rio Internacional &#8220;Morcegos como Transmissores da Raiva&#8221;<br \/>\nCliente: Dra Neide Takaoka &#8211; Instituto Pasteur<br \/>\n3 a 6 de dezembro &#8211; Parlatino, S\u00e3o Paulo SP<br \/>\n290 participantes<\/p>\n<hr class=\" hr_color\" style=\"margin: 0 auto 30px;\"\/>\n\n<p>II Encontro Brasileiro de Dist\u00farbios do Movimento<br \/>\nCliente: Grupo de Estudos de Reciclagem e Investiga\u00e7\u00e3o em Neurologia (GERIN)<br \/>\n30 de novembro a 2 de dezembro &#8211; Grande Hotel de Campos do Jord\u00e3o, SP<br \/>\n160 participantes<\/p>\n<hr class=\" hr_color\" style=\"margin: 0 auto 30px;\"\/>\n\n<p>25 Anos de Atualiza\u00e7\u00e3o<br \/>\nCliente: Cl\u00ednica de Reabilita\u00e7\u00e3o Especializada<br \/>\n23 de novembro &#8211; Associa\u00e7\u00e3o Kolping, S\u00e3o Paulo-SP<br \/>\n100 participantes<\/p>\n<hr class=\" hr_color\" style=\"margin: 0 auto 30px;\"\/>\n\n<p>VII Encontro Internacional de Ortodontia<br \/>\nCliente: FUNCRAF<br \/>\n21 a 24 de novembro &#8211; Teatro da Univ. Sagrado Cora\u00e7\u00e3o, Baur\u00fa, SP<br \/>\n700 participantes<\/p>\n<hr class=\" hr_color\" style=\"margin: 0 auto 30px;\"\/>\n\n<p>2\u00ba Simp\u00f3sio Internacional em Economia da Sa\u00fade<br \/>\nCliente: Centro Paulista de Economia e Sa\u00fade &#8211; CEPES, UNIFESP<br \/>\n20 a 21 de novembro &#8211; Aud. Marcos Lindemberg da UNIFESP, S\u00e3o Paulo, SP<br \/>\n130 participantes<\/p>\n<hr class=\" hr_color\" style=\"margin: 0 auto 30px;\"\/>\n\n<p>IV Encontro Cient\u00edfico da P\u00f3s-Gradua\u00e7\u00e3o do HRAC-USP<br \/>\nCliente: Hospital de Reabilita\u00e7\u00e3o de Anomalias Cranofaciais \/ FUNCRAF<br \/>\n9 a 11 de novembro &#8211; Sal\u00e3o Nobre da Faculdade de Odontologia de Baur\u00fa, SP<br \/>\n250 participantes<\/p>\n<hr class=\" hr_color\" style=\"margin: 0 auto 30px;\"\/>\n\n<p>III Simp\u00f3sio de Psicossom\u00e1tica Psicanal\u00edtica<br \/>\nCliente: Instituto Sedes Sapientiae<br \/>\n9 a 11 de novembro- Instituto Sedes Sapientiae, S\u00e3o Paulo, SP<br \/>\n200 participantes<\/p>\n<hr class=\" hr_color\" style=\"margin: 0 auto 30px;\"\/>\n\n<p>II Congresso Brasileiro de Psicologia Anal\u00edtica<br \/>\nCliente: Associa\u00e7\u00e3o Junguiana do Brasil (AJB)<br \/>\n19 a 21 de outubro &#8211; Hotel Magestic, \u00c1guas de Lind\u00f3ia, SP<br \/>\n300 participantes<\/p>\n<hr class=\" hr_color\" style=\"margin: 0 auto 30px;\"\/>\n\n<p>III Congresso Brasileiro de Micologia<br \/>\nCliente: Sociedade Brasileira de Micologia<br \/>\n19 a 23 de agosto &#8211; Hotel Monte Real, \u00c1guas de Lind\u00f3ia, SP<br \/>\n500 Participantes<\/p>\n<hr class=\" hr_color\" style=\"margin: 0 auto 30px;\"\/>\n\n<p>VI Encontro da Sociedade Brasileira de Neurologia Infantil<br \/>\nCliente: Sociedade Brasileira de Neurologia Infantil<br \/>\n10 e 11 de agosto &#8211; NinetyTransam\u00e9rica Flat, S\u00e3o Paulo, SP<br \/>\n120 participantes<\/p>\n<hr class=\" hr_color\" style=\"margin: 0 auto 30px;\"\/>\n\n<p>XII Congresso Mundial de Nutri\u00e7\u00e3o Pedi\u00e1trica<br \/>\nCliente: Sociedade Brasileira de Pediatria<br \/>\n06 a 10 de julho &#8211; Hotel Maksoud Plaza, S\u00e3o Paulo, SP<br \/>\n520 participantes<\/p>\n<hr class=\" hr_color\" style=\"margin: 0 auto 30px;\"\/>\n\n<p>III Encontro Sudeste de Homeopatia<br \/>\nCliente: Associa\u00e7\u00e3o Paulista de Homeopatia<br \/>\n14 a 17 de junho &#8211; Centro de Conven\u00e7\u00f5es S\u00e3o Camilo, S\u00e3o Paulo, SP<br \/>\n150 participantes<\/p>\n<hr class=\" hr_color\" style=\"margin: 0 auto 30px;\"\/>\n\n<p>III Jornada de Reumatologia Pedi\u00e1trica da Sociedade de Pediatria de S\u00e3o Paulo<br \/>\nCliente: Dr. Cl\u00e1udio Len<br \/>\n2 de junho &#8211; Hotel National Inn, Campinas, SP<br \/>\n100 participantes<\/p>\n<hr class=\" hr_color\" style=\"margin: 0 auto 30px;\"\/>\n\n<p>International Meeting on the Indoor Environment, Ventilation, Health &amp; Comfort &#8211;<br \/>\nIndoor 2001<br \/>\nCliente: Sociedade Brasileira de Meio Ambiente e Controle da Qualidade do Ar de Interiores &#8211;<br \/>\nBRASINDOOR<br \/>\n25 a 28 de mar\u00e7o &#8211; Audit\u00f3rio da Petrobr\u00e1s &#8211; Rio de Janeiro, RJ<br \/>\n150 participantes<\/p>\n","protected":false},"excerpt":{"rendered":"<p>&nbsp; Semin\u00e1rio Internacional &#8220;Morcegos como Transmissores da Raiva&#8221; Cliente: Dra Neide Takaoka &#8211; Instituto Pasteur 3 a 6 de dezembro &#8211; Parlatino, S\u00e3o Paulo SP 290 [&hellip;]<\/p>\n","protected":false},"author":1,"featured_media":2088,"parent":0,"menu_order":0,"comment_status":"closed","ping_status":"closed","template":"","meta":[],"_links":{"self":[{"href":"http:\/\/www.eventus.com.br\/portal\/wp-json\/wp\/v2\/pages\/443"}],"collection":[{"href":"http:\/\/www.eventus.com.br\/portal\/wp-json\/wp\/v2\/pages"}],"about":[{"href":"http:\/\/www.eventus.com.br\/portal\/wp-json\/wp\/v2\/types\/page"}],"author":[{"embeddable":true,"href":"http:\/\/www.eventus.com.br\/portal\/wp-json\/wp\/v2\/users\/1"}],"replies":[{"embeddable":true,"href":"http:\/\/www.eventus.com.br\/portal\/wp-json\/wp\/v2\/comments?post=443"}],"version-history":[{"count":7,"href":"http:\/\/www.eventus.com.br\/portal\/wp-json\/wp\/v2\/pages\/443\/revisions"}],"predecessor-version":[{"id":2060,"href":"http:\/\/www.eventus.com.br\/portal\/wp-json\/wp\/v2\/pages\/443\/revisions\/2060"}],"wp:featuredmedia":[{"embeddable":true,"href":"http:\/\/www.eventus.com.br\/portal\/wp-json\/wp\/v2\/media\/2088"}],"wp:attachment":[{"href":"http:\/\/www.eventus.com.br\/portal\/wp-json\/wp\/v2\/media?parent=443"}],"curies":[{"name":"wp","href":"https:\/\/api.w.org\/{rel}","templated":true}]}}