{"id":447,"date":"2015-11-19T17:37:01","date_gmt":"2015-11-19T19:37:01","guid":{"rendered":"http:\/\/www.eventus.com.br\/portal\/?page_id=447"},"modified":"2016-01-27T22:49:45","modified_gmt":"2016-01-28T00:49:45","slug":"eventos-realizados-2002","status":"publish","type":"page","link":"http:\/\/www.eventus.com.br\/portal\/eventos-realizados-2002\/","title":{"rendered":"EVENTOS REALIZADOS &#8211; 2002"},"content":{"rendered":"<p>&nbsp;<\/p>\n<p>V Encontro de Pesquisa em Educa\u00e7\u00e3o da Regi\u00e3o Sudeste<br \/>\nCliente: Associa\u00e7\u00e3o Nacional de P\u00f3s-Gradua\u00e7\u00e3o e Pesquisa em Educa\u00e7\u00e3o<br \/>\n21 a 23 de Novembro &#8211; Vacance Hotel, \u00c1guas de Lind\u00f3ia, SP<br \/>\n700 participantes<\/p>\n<hr class=\" hr_color\" style=\"margin: 0 auto 30px;\"\/>\n\n<p>XVII Simp\u00f3sio de Plantas Medicinais do Brasil<br \/>\nCliente: Prof. Dr. Domingos Tabajara de Oliveira Martins<br \/>\n19 a 22 de novembro &#8211; Centro de Eventos Pantanal, Cuiab\u00e1, MT<br \/>\n1000 participantes<\/p>\n<hr class=\" hr_color\" style=\"margin: 0 auto 30px;\"\/>\n\n<p>XXIV Congresso Brasileiro da Sociedade Brasileira de Farmacologia e Terapia Experimental<br \/>\nCliente: Sociedade Brasileira de Farmacologia e Terapia Experimental<br \/>\n28 a 31 de outubro &#8211; Hotel Monte Real, \u00c1guas de Lind\u00f3ia SP<br \/>\n900 participantes<\/p>\n<hr class=\" hr_color\" style=\"margin: 0 auto 30px;\"\/>\n\n<p>II Jornada Interdisciplinar da Associa\u00e7\u00e3o Cruz Verde<br \/>\nCliente: Associa\u00e7\u00e3o Cruz Verde<br \/>\n25 e 26 de Outubro &#8211; Audit\u00f3rio Elvira Brand\u00e3o da UNIFESP &#8211; S\u00e3o Paulo, SP<br \/>\n70 participantes<\/p>\n<hr class=\" hr_color\" style=\"margin: 0 auto 30px;\"\/>\n\n<p>V Congresso Municipal de Educa\u00e7\u00e3o de Santo Andr\u00e9<br \/>\nCliente: Prefeitura Municipal de Santo Andr\u00e9 &#8211; Secretaria Municipal de Educa\u00e7\u00e3o<br \/>\n15 a 18 de outubro &#8211; Gin\u00e1sio Municipal, Santo Andr\u00e9, SP<br \/>\n2100 participantes<\/p>\n<hr class=\" hr_color\" style=\"margin: 0 auto 30px;\"\/>\n\n<p>Sal\u00e3o do Autom\u00f3vel 2002<br \/>\nCliente: Volkswagen (Alemanha)<br \/>\nEquipe de atores para realiza\u00e7\u00e3o de &#8220;talk show&#8221; no stand<br \/>\n12 a 20 de outubro &#8211; Anhembi, S\u00e3o Paulo, SP<\/p>\n<hr class=\" hr_color\" style=\"margin: 0 auto 30px;\"\/>\n\n<p>X Simp\u00f3sio da Associa\u00e7\u00e3o Junguiana de S\u00e3o Paulo<br \/>\nCliente: Associa\u00e7\u00e3o Junguiana do Brasil e Instituto Junguiano de S\u00e3o Paulo<br \/>\n13 a 15 de setembro &#8211; Hotel San Raphael, It\u00fa, SP<br \/>\n140 participantes<\/p>\n<hr class=\" hr_color\" style=\"margin: 0 auto 30px;\"\/>\n\n<p>XI Simp\u00f3sio Internacional de Fisioterapia Respirat\u00f3ria<br \/>\nCliente: Sociedade Brasileira de Fisioterapia Respirat\u00f3ria<br \/>\n28 de agosto a 1 de setembro &#8211; Hotel Colina Verde, S\u00e3o Pedro, SP<br \/>\n1200 participantes<\/p>\n<hr class=\" hr_color\" style=\"margin: 0 auto 30px;\"\/>\n\n<p>VII Encontro da Sociedade Brasileira de Neurologia Infantil<br \/>\nCliente: Sociedade Brasileira de Neurologia Infantil<br \/>\n16 e 17 de agosto &#8211; Transam\u00e9rica Flat International Plaza, S\u00e3o Paulo, SP<br \/>\n180 participantes<\/p>\n<hr class=\" hr_color\" style=\"margin: 0 auto 30px;\"\/>\n\n<p>X Simp\u00f3sio da IOSTE &#8211; 2002 &#8211; Repensando a Educa\u00e7\u00e3o em Ci\u00eancia e Tecnologia<br \/>\nCliente: N\u00e9lio Bizzo &#8211; Faculdade de Educa\u00e7\u00e3o &#8211; Universidade de S\u00e3o Paulo<br \/>\n28 de Julho a 2 de Agosto &#8211; Foz do Igua\u00e7u, PR<br \/>\n150 participantes<\/p>\n<hr class=\" hr_color\" style=\"margin: 0 auto 30px;\"\/>\n\n<p>Curso Anti Seq\u00fcestro &#8211; 2\u00aa turma<br \/>\nCliente: Pollus Servi\u00e7os de Seguran\u00e7a<br \/>\n24 de maio &#8211; Hotel Mercure &#8211; S\u00e3o Paulo, SP<br \/>\n25 participantes<\/p>\n<hr class=\" hr_color\" style=\"margin: 0 auto 30px;\"\/>\n\n<p>Curso de Dire\u00e7\u00e3o Defensiva<br \/>\nCliente: Pollus Servi\u00e7os de Seguran\u00e7a<br \/>\n21 de maio &#8211; Aut\u00f3dromo de Interlagos &#8211; S\u00e3o Paulo, SP<br \/>\n15 participantes<\/p>\n<hr class=\" hr_color\" style=\"margin: 0 auto 30px;\"\/>\n\n<p>V Congresso Paulista de Diabetes e Metabolismo<br \/>\nCliente: Sociedade Paulista de Diabetes e Metabolismo<br \/>\n25 a 28 de abril &#8211; \u00c1guas de S\u00e3o Pedro, SP<br \/>\n310 participantes<\/p>\n<p><hr class=\" hr_color\" style=\"margin: 0 auto 30px;\"\/>\nCurso Qualidade de Vida<\/p>\n<p>Cliente: Centro Paulista de Economia da Sa\u00fade &#8211; Escola Paulista de Medicina<br \/>\n13 de abril &#8211; Audit\u00f3rio Anfiteatro, Hospital S\u00e3o Paulo &#8211; S\u00e3o Paulo, SP<br \/>\n15 Participantes<\/p>\n<hr class=\" hr_color\" style=\"margin: 0 auto 30px;\"\/>\n\n<p>Capacita\u00e7\u00e3o de Gerentes de Risco Sanit\u00e1rio-Hospitalar (secretaria)<br \/>\nCliente &#8211; ANVISA Ag\u00eancia Nacional de Vigil\u00e2ncia Sanit\u00e1ria<br \/>\n12 a 15 de abril &#8211; Hotel Comodoro &#8211; S\u00e3o Paulo, SP<br \/>\n100 participantes<\/p>\n<hr class=\" hr_color\" style=\"margin: 0 auto 30px;\"\/>\n\n<p>II Oficina Sobre Uso Seguro de Medicamentos (secretaria)<br \/>\nCliente &#8211; ANVISA Ag\u00eancia Nacional de Vigil\u00e2ncia Sanit\u00e1ria<br \/>\n7 a 10 de abril &#8211; Estanplaza Funchal &#8211; S\u00e3o Paulo, SP<br \/>\n130 participantes<\/p>\n<hr class=\" hr_color\" style=\"margin: 0 auto 30px;\"\/>\n\n<p>Oficina de Tecnovigil\u00e2ncia (secretaria)<br \/>\nCliente &#8211; ANVISA Ag\u00eancia Nacional de Vigil\u00e2ncia Sanit\u00e1ria<br \/>\n3 a 5 de abril &#8211; Estanplaza Funchal, S\u00e3o Paulo, SP<br \/>\n130 participantes<\/p>\n<hr class=\" hr_color\" style=\"margin: 0 auto 30px;\"\/>\n\n<p>Curso Anti Seq\u00fcestro<br \/>\nCliente: Pollus Servi\u00e7os de Seguran\u00e7a<br \/>\n03 de abril &#8211; Hotel Mercure &#8211; S\u00e3o Paulo, SP<br \/>\n15 participantes<\/p>\n<hr class=\" hr_color\" style=\"margin: 0 auto 30px;\"\/>\n\n<p>Simp\u00f3sio Internacional &#8211; S\u00e3o Paulo Discute a Aids nas Grandes Cidades<br \/>\nCliente: Secretaria Municipal de Sa\u00fade &#8211; Programa DST \/ AIDS<br \/>\n17 a 22 de fevereiro &#8211; Centro de Conven\u00e7\u00f5es Pomp\u00e9ia, S\u00e3o Paulo, SP<br \/>\n420 participantes<\/p>\n","protected":false},"excerpt":{"rendered":"<p>&nbsp; V Encontro de Pesquisa em Educa\u00e7\u00e3o da Regi\u00e3o Sudeste Cliente: Associa\u00e7\u00e3o Nacional de P\u00f3s-Gradua\u00e7\u00e3o e Pesquisa em Educa\u00e7\u00e3o 21 a 23 de Novembro &#8211; Vacance [&hellip;]<\/p>\n","protected":false},"author":1,"featured_media":2088,"parent":0,"menu_order":0,"comment_status":"closed","ping_status":"closed","template":"","meta":[],"_links":{"self":[{"href":"http:\/\/www.eventus.com.br\/portal\/wp-json\/wp\/v2\/pages\/447"}],"collection":[{"href":"http:\/\/www.eventus.com.br\/portal\/wp-json\/wp\/v2\/pages"}],"about":[{"href":"http:\/\/www.eventus.com.br\/portal\/wp-json\/wp\/v2\/types\/page"}],"author":[{"embeddable":true,"href":"http:\/\/www.eventus.com.br\/portal\/wp-json\/wp\/v2\/users\/1"}],"replies":[{"embeddable":true,"href":"http:\/\/www.eventus.com.br\/portal\/wp-json\/wp\/v2\/comments?post=447"}],"version-history":[{"count":7,"href":"http:\/\/www.eventus.com.br\/portal\/wp-json\/wp\/v2\/pages\/447\/revisions"}],"predecessor-version":[{"id":2061,"href":"http:\/\/www.eventus.com.br\/portal\/wp-json\/wp\/v2\/pages\/447\/revisions\/2061"}],"wp:featuredmedia":[{"embeddable":true,"href":"http:\/\/www.eventus.com.br\/portal\/wp-json\/wp\/v2\/media\/2088"}],"wp:attachment":[{"href":"http:\/\/www.eventus.com.br\/portal\/wp-json\/wp\/v2\/media?parent=447"}],"curies":[{"name":"wp","href":"https:\/\/api.w.org\/{rel}","templated":true}]}}