{"id":450,"date":"2015-11-19T17:41:04","date_gmt":"2015-11-19T19:41:04","guid":{"rendered":"http:\/\/www.eventus.com.br\/portal\/?page_id=450"},"modified":"2016-01-27T22:54:34","modified_gmt":"2016-01-28T00:54:34","slug":"eventos-realizados-2003","status":"publish","type":"page","link":"http:\/\/www.eventus.com.br\/portal\/eventos-realizados-2003\/","title":{"rendered":"EVENTOS REALIZADOS 2003"},"content":{"rendered":"<p>XVI International Symposium on Night and Shiftwork<br \/>\nCliente: Faculdade de Sa\u00fade P\u00fablica da USP<br \/>\n17 a 21 de novembro, Santos, SP<br \/>\n20 participantes<\/p>\n<hr class=\" hr_color\" style=\"margin: 0 auto 30px;\"\/>\n\n<p>4\u00ba Congresso Ibero-Americano de Ger\u00eancia de Projetos &#8211; PMI<br \/>\nCliente: PMI &#8211; Project Management Institute, S\u00e3o Paulo, Brasil Chapter<br \/>\n17 a 21 de novembro, S\u00e3o Paulo e Rio de Janeiro<br \/>\n600 participantes<\/p>\n<hr class=\" hr_color\" style=\"margin: 0 auto 30px;\"\/>\n\n<p>I S\u00e3o Paulo Research Conference &#8220;Medicina Molecular&#8221;<br \/>\nCliente Prof. Boris Vargaftig<br \/>\n14 e 15 de novembro &#8211; Hotel Inter-Continental -S\u00e3o Paulo &#8211; SP<br \/>\n200 participantes<\/p>\n<hr class=\" hr_color\" style=\"margin: 0 auto 30px;\"\/>\n\n<p>XXXV Congresso Brasileiro de Farmacologia e Terap\u00eautica Experimental<br \/>\nCliente:Sociedade Brasileira de Farmacologia &#8211; SBFTE<br \/>\n21 a 24 de setembro &#8211; \u00c1guas de Lind\u00f3ia &#8211; SP<br \/>\n900 participantes<\/p>\n<hr class=\" hr_color\" style=\"margin: 0 auto 30px;\"\/>\n\n<p>XXI Congress of the Latin-American Association of Physiological Sciences<br \/>\nCliente: Sociedade Brasileira de Fisiologia &#8211; SBFis<br \/>\n01 a 04 de Setembro, Centro de Conven\u00e7\u00f5es de Ribeir\u00e3o Preto, SP<br \/>\n1200 participantes<\/p>\n<hr class=\" hr_color\" style=\"margin: 0 auto 30px;\"\/>\n\n<p>54th Annual Meeting of the International Society of Electrochemistry<br \/>\nCliente: Prof. Luiz Alberto Avaca<br \/>\n31 de agosto a 05 de setembro &#8211; Hotel Colina Verde, S\u00e3o Pedro, SP<br \/>\n800 participantes<\/p>\n<hr class=\" hr_color\" style=\"margin: 0 auto 30px;\"\/>\n\n<p>1\u00ba Curso Internacional sobre Insufici\u00eancia Venosa Cr\u00f4nica<br \/>\nCliente: Hospital Universit\u00e1rio &#8211; HU \/ USP<br \/>\n16 e 17 de agosto &#8211; Audit\u00f3rio Camargo Guarnieri Cidade Universit\u00e1ria &#8211; SP<br \/>\n150 Participantes<\/p>\n<hr class=\" hr_color\" style=\"margin: 0 auto 30px;\"\/>\n\n<p>I Congresso Brasileiro de Neurologia Infantil<br \/>\nVIII Reuni\u00e3o da Sociedade Brasileira de Neurologia Infantil<br \/>\nCliente: SBNI &#8211; Sociedade Brasileira de Neurologia Infantil<br \/>\n15 a 17 de agosto de 2003 &#8211; S\u00e3o Paulo &#8211; SP<br \/>\n300 participantes<\/p>\n<hr class=\" hr_color\" style=\"margin: 0 auto 30px;\"\/>\n\n<p>Semin\u00e1rio Internacional do Centen\u00e1rio do Instituto Pasteur<br \/>\nCliente: Instituto Pasteur<br \/>\n5 a 7 de agosto &#8211; Hotel Crowne Plaza, S\u00e3o Paulo, SP<br \/>\n400 participantes<\/p>\n<hr class=\" hr_color\" style=\"margin: 0 auto 30px;\"\/>\n\n<p>Seventh Biennial Conference &#8211; Impact of EcologicalChanges on Tropical Animal Health and Disease Control<br \/>\nCliente: Society for Tropical Veterinary Medicine<br \/>\n22 a 26 de junho &#8211; Hotel Mabu, Foz do Igua\u00e7u, PR<br \/>\n100 participantes<\/p>\n<hr class=\" hr_color\" style=\"margin: 0 auto 30px;\"\/>\n\n<p>1\u00aa Confer\u00eancia Sobre Redu\u00e7\u00e3o de Danos em Mulheres Dependentes Qu\u00edmicas e\/ou Familiares &#8211; II Encontro Urb-al<br \/>\nCliente &#8211; Secretaria Municipal de Sa\u00fade de Santo Andr\u00e9<br \/>\n24 e 25 de abril &#8211; Pa\u00e7o Municipal de Santo Andr\u00e9<br \/>\n350 participantes<\/p>\n<hr class=\" hr_color\" style=\"margin: 0 auto 30px;\"\/>\n\n<p>Lan\u00e7amento de produto<br \/>\nCliente: American Airlines Cargo<br \/>\n1\u00ba de abril &#8211; Sociedade H\u00edpica Paulista<br \/>\n150 participantes<\/p>\n","protected":false},"excerpt":{"rendered":"<p>XVI International Symposium on Night and Shiftwork Cliente: Faculdade de Sa\u00fade P\u00fablica da USP 17 a 21 de novembro, Santos, SP 20 participantes 4\u00ba Congresso Ibero-Americano [&hellip;]<\/p>\n","protected":false},"author":1,"featured_media":2088,"parent":0,"menu_order":0,"comment_status":"closed","ping_status":"closed","template":"","meta":[],"_links":{"self":[{"href":"http:\/\/www.eventus.com.br\/portal\/wp-json\/wp\/v2\/pages\/450"}],"collection":[{"href":"http:\/\/www.eventus.com.br\/portal\/wp-json\/wp\/v2\/pages"}],"about":[{"href":"http:\/\/www.eventus.com.br\/portal\/wp-json\/wp\/v2\/types\/page"}],"author":[{"embeddable":true,"href":"http:\/\/www.eventus.com.br\/portal\/wp-json\/wp\/v2\/users\/1"}],"replies":[{"embeddable":true,"href":"http:\/\/www.eventus.com.br\/portal\/wp-json\/wp\/v2\/comments?post=450"}],"version-history":[{"count":7,"href":"http:\/\/www.eventus.com.br\/portal\/wp-json\/wp\/v2\/pages\/450\/revisions"}],"predecessor-version":[{"id":2098,"href":"http:\/\/www.eventus.com.br\/portal\/wp-json\/wp\/v2\/pages\/450\/revisions\/2098"}],"wp:featuredmedia":[{"embeddable":true,"href":"http:\/\/www.eventus.com.br\/portal\/wp-json\/wp\/v2\/media\/2088"}],"wp:attachment":[{"href":"http:\/\/www.eventus.com.br\/portal\/wp-json\/wp\/v2\/media?parent=450"}],"curies":[{"name":"wp","href":"https:\/\/api.w.org\/{rel}","templated":true}]}}