{"id":456,"date":"2015-11-19T17:57:03","date_gmt":"2015-11-19T19:57:03","guid":{"rendered":"http:\/\/www.eventus.com.br\/portal\/?page_id=456"},"modified":"2016-01-27T22:56:33","modified_gmt":"2016-01-28T00:56:33","slug":"eventos-realizados-2004","status":"publish","type":"page","link":"http:\/\/www.eventus.com.br\/portal\/eventos-realizados-2004\/","title":{"rendered":"EVENTOS REALIZADOS 2004"},"content":{"rendered":"<p>&nbsp;<\/p>\n<p>L Reuni\u00e3o do Centro de Estudos Oftalmol\u00f3gicos \u201cCyro de Rezende\u201d<br \/>\nCliente: Dr. Eduardo Rocha &#8211; FMRPUSP<br \/>\n02 a 04 de dezembro de 2004, Centro de Conven\u00e7\u00f5es de Ribeir\u00e3o Preto, SP<br \/>\n250 participantes<\/p>\n<hr class=\" hr_color\" style=\"margin: 0 auto 30px;\"\/>\n\n<p>II S\u00e3o Paulo Research Conference \u201cMecanismos de Infec\u00e7\u00f5es e Vacinas\u201d<br \/>\nCliente: Prof. Boris Vargaftig, Instituto de Bioci\u00eancias da USP<br \/>\n02 a 04 de dezembro de 2004, Hotel Intercontinental, S\u00e3o Paulo, SP<br \/>\n250 participantes<\/p>\n<hr class=\" hr_color\" style=\"margin: 0 auto 30px;\"\/>\n\n<p>Sal\u00e3o do Autom\u00f3vel 2004<br \/>\nCliente: Volkswagen (Alemanha)<br \/>\nEquipe de atores para realiza\u00e7\u00e3o de \u201ctalk show\u201d no stand<br \/>\n21 a 30 de outubro \u2013 Anhembi, S\u00e3o Paulo, SP<\/p>\n<hr class=\" hr_color\" style=\"margin: 0 auto 30px;\"\/>\n\n<p>XXXVI Congresso Brasileiro de Farmacologia e Terap\u00eautica Experimental<br \/>\nCliente: SBFTE &#8211; Sociedade Brasileira de Farmacologia e Terap\u00eautica Experimental<br \/>\n17 a 20 de outubro de 2004, Hotel Monte Real, \u00c1guas de Lind\u00f3ia &#8211; SP<br \/>\n900 participantes<\/p>\n<hr class=\" hr_color\" style=\"margin: 0 auto 30px;\"\/>\n\n<p>II Jornada Cirurgia da Coluna Vertebral<br \/>\nCliente: \u00d3SSEA TECHNOLOGY<br \/>\n07 a 09 de outubro de 2004, Center Convention Uberl\u00e2ndia \u2013 MG<br \/>\n100 participantes<\/p>\n<hr class=\" hr_color\" style=\"margin: 0 auto 30px;\"\/>\n\n<p>IX Encontro Nacional da Sociedade Brasileira de Neurologia Infantil<br \/>\nCliente: Sociedade Brasileira de Neurologia Infantil<br \/>\n13 e 14 de agosto de 2004, S\u00e3o Paulo, SP<br \/>\n200 participantes<\/p>\n<hr class=\" hr_color\" style=\"margin: 0 auto 30px;\"\/>\n\n<p>XII Encontro Internacional da Sociedade Internacional de Subst\u00e2ncias H\u00famicas<br \/>\nCliente: IHSS \u2013 Sociedade Internacional de Subst\u00e2ncia H\u00famicas<br \/>\n26 a 30 de julho de 2004, Hotel Colina Verde, S\u00e3o Pedro &#8211; SP<br \/>\n350 participantes<\/p>\n<hr class=\" hr_color\" style=\"margin: 0 auto 30px;\"\/>\n\n<p>II F\u00f3rum Psicopedag\u00f3gico<br \/>\nCliente: Associa\u00e7\u00e3o Brasileira de Psicopedagogia<br \/>\n02 a 04 de julho de 2004 &#8211; FECAP, S\u00e3o Paulo, SP<br \/>\n500 Participantes<\/p>\n<hr class=\" hr_color\" style=\"margin: 0 auto 30px;\"\/>\n\n<p>X Encontro de Reumatologia Avan\u00e7ada<br \/>\nCliente: Sociedade Paulista de Reumatologia<br \/>\n27 e 29 de maio de 2004, Hotel Maksoud Plaza, S\u00e3o Paulo, SP<br \/>\n300 participantes<\/p>\n<hr class=\" hr_color\" style=\"margin: 0 auto 30px;\"\/>\n\n<p>VI Congresso Paulista de Diabetes e Metabolismo<br \/>\nCliente: Sociedade Paulista de Diabetes e Metabolismo<br \/>\n29 de abril a 02 de maio de 2004, Campos do Jord\u00e3o Arts e Convention Center, SP<br \/>\n400 participantes<\/p>\n<hr class=\" hr_color\" style=\"margin: 0 auto 30px;\"\/>\n\n<p>ICOGRADA Design Week 2004<br \/>\nCliente: ADG &#8211; Associa\u00e7\u00e3o de Designers Gr\u00e1ficos<br \/>\n23 a 30 de abril de 2004 &#8211; Memorial da Am\u00e9rica Latina, S\u00e3o Paulo, SP<br \/>\n300 participantes<\/p>\n<hr class=\" hr_color\" style=\"margin: 0 auto 30px;\"\/>\n\n<p>7\u00aa Bienal de Design Gr\u00e1fico<br \/>\nCliente: ADG &#8211; Associa\u00e7\u00e3o de Designers Gr\u00e1ficos<br \/>\n27 de abril a 30 de maio de 2004 &#8211; Memorial da Am\u00e9rica Latina, S\u00e3o Paulo,SP.<br \/>\n500 participantes<\/p>\n<hr class=\" hr_color\" style=\"margin: 0 auto 30px;\"\/>\n\n<p>Lan\u00e7amento de produto: Happening do conhecimento<br \/>\nCliente: Arvoredo Assessoria em Desenvolvimento<br \/>\n30 de mar\u00e7o de 2004, Centro Brit\u00e2nico, S\u00e3o Paulo, SP<br \/>\n350 participantes<\/p>\n","protected":false},"excerpt":{"rendered":"<p>&nbsp; L Reuni\u00e3o do Centro de Estudos Oftalmol\u00f3gicos \u201cCyro de Rezende\u201d Cliente: Dr. Eduardo Rocha &#8211; FMRPUSP 02 a 04 de dezembro de 2004, Centro de [&hellip;]<\/p>\n","protected":false},"author":1,"featured_media":2088,"parent":0,"menu_order":0,"comment_status":"closed","ping_status":"closed","template":"","meta":[],"_links":{"self":[{"href":"http:\/\/www.eventus.com.br\/portal\/wp-json\/wp\/v2\/pages\/456"}],"collection":[{"href":"http:\/\/www.eventus.com.br\/portal\/wp-json\/wp\/v2\/pages"}],"about":[{"href":"http:\/\/www.eventus.com.br\/portal\/wp-json\/wp\/v2\/types\/page"}],"author":[{"embeddable":true,"href":"http:\/\/www.eventus.com.br\/portal\/wp-json\/wp\/v2\/users\/1"}],"replies":[{"embeddable":true,"href":"http:\/\/www.eventus.com.br\/portal\/wp-json\/wp\/v2\/comments?post=456"}],"version-history":[{"count":6,"href":"http:\/\/www.eventus.com.br\/portal\/wp-json\/wp\/v2\/pages\/456\/revisions"}],"predecessor-version":[{"id":2063,"href":"http:\/\/www.eventus.com.br\/portal\/wp-json\/wp\/v2\/pages\/456\/revisions\/2063"}],"wp:featuredmedia":[{"embeddable":true,"href":"http:\/\/www.eventus.com.br\/portal\/wp-json\/wp\/v2\/media\/2088"}],"wp:attachment":[{"href":"http:\/\/www.eventus.com.br\/portal\/wp-json\/wp\/v2\/media?parent=456"}],"curies":[{"name":"wp","href":"https:\/\/api.w.org\/{rel}","templated":true}]}}