{"id":469,"date":"2015-11-19T18:39:36","date_gmt":"2015-11-19T20:39:36","guid":{"rendered":"http:\/\/www.eventus.com.br\/portal\/?page_id=469"},"modified":"2016-01-27T23:03:45","modified_gmt":"2016-01-28T01:03:45","slug":"eventos-realizados-2007","status":"publish","type":"page","link":"http:\/\/www.eventus.com.br\/portal\/eventos-realizados-2007\/","title":{"rendered":"EVENTOS REALIZADOS 2007"},"content":{"rendered":"<h2><\/h2>\n<p>1\u00ba Congresso Brasileiro de Ofensas Sexuais<br \/>\nCliente: ABTO \u2013 Assoc. Brasileira de Preven\u00e7\u00e3o e Tratamento da Ofensa Sexual<br \/>\n23 a 25 de novembro de 2.007 \u2013 S. Paulo, SO<br \/>\nPrevis\u00e3o: 500 participantes<\/p>\n<hr class=\" hr_color\" style=\"margin: 0 auto 30px;\"\/>\n\n<p>VIII S\u00e3o Paulo Research Conference &#8220;C\u00e2ncer 2007: da Biologia Molecular ao Tratamento&#8221;<br \/>\nCliente: Prof. Boris Vargaftig \u2013 Pr\u00f3 Reitoria de Pesquisas da USP<br \/>\n12 a 14 de Novembro de 2007, Conven\u00e7\u00f5es de Conven\u00e7\u00f5es Rebou\u00e7as \u2013 S Paulo, SP<br \/>\nPrevis\u00e3o: 500 participantes<\/p>\n<hr class=\" hr_color\" style=\"margin: 0 auto 30px;\"\/>\n\n<p>5\u00ba Encontro Brasileiro de Dist\u00farbios do Movimento<br \/>\nCliente: Grupo de Estudos de Reciclagem e Investiga\u00e7\u00e3o em Neurologia (GERIN)<br \/>\n01 a 03 de novembro de 2007, Casa Grande Hotel &#8211; Guaruj\u00e1, SP.<br \/>\nPrevis\u00e3o: 250 participantes<\/p>\n<hr class=\" hr_color\" style=\"margin: 0 auto 30px;\"\/>\n\n<p>VII Semin\u00e1rio Internacional de Gest\u00e3o de Projetos &#8211; PMI S\u00e3o Paulo<br \/>\nCliente: Cap\u00edtulo S\u00e3o Paulo, Brasil do Project Management Institute &#8211; PMI<br \/>\n18 a 20 de Outubro de 2007,\u2013 S\u00e3o Paulo, SP<br \/>\nPrevis\u00e3o: 800 participantes<\/p>\n<hr class=\" hr_color\" style=\"margin: 0 auto 30px;\"\/>\n\n<p>39\u00b0 Congresso Brasileiro de Farmacologia e Terap\u00eautica Experimental<br \/>\nCliente: Sociedade Brasileira de Farmacologia e Terap\u00eautica Experimental \u2013 SBFTe<br \/>\n17 a 20 de outubro de 2007 \u2013 Ribeir\u00e3o Preto, SP<br \/>\nPrevis\u00e3o: 1.000 participantes<\/p>\n<hr class=\" hr_color\" style=\"margin: 0 auto 30px;\"\/>\n\n<p>XV Congresso Internacional da Associa\u00e7\u00e3o Junguiana do Brasil (AJB)<br \/>\nCliente: Associa\u00e7\u00e3o Junguiana do Brasil e Instituto Junguiano de S\u00e3o Paulo (IJUSP)<br \/>\n27 a 30 de Setembro de 2007, Hotel Village Eldorado Atibaia &#8211; Atibaia, SP.<br \/>\n150 Participantes<\/p>\n<hr class=\" hr_color\" style=\"margin: 0 auto 30px;\"\/>\n\n<p>3\u00ba Congresso Brasileiro de Neurologia Infantil e 12\u00ba Encontro Nacional da Sociedade<br \/>\nBrasileira de Neurologia Infantil<br \/>\nCliente: Sociedade Brasileira de Neurologia Infantil<br \/>\n07 a 08 de setembro de 2007 &#8211; Hotel Paulista Plaza, S\u00e3o Paulo, SP<br \/>\n250 participantes<\/p>\n<hr class=\" hr_color\" style=\"margin: 0 auto 30px;\"\/>\n\n<p>II Congresso Paulista de Medicina da Fam\u00edlia e Comunidade<br \/>\nCliente: Associa\u00e7\u00e3o Paulista de Medicina da Fam\u00edlia e Comunidade<br \/>\n6 a 9 de setembro de 2007 &#8211; UNICAMP, Campinas, SP<br \/>\n500 participantes<\/p>\n<hr class=\" hr_color\" style=\"margin: 0 auto 30px;\"\/>\n\n<p>XXI Congresso da Sociedade Brasileira de Microscopia e Microan\u00e1lise<br \/>\nCliente: Sociedade Brasileira de Microscopia e Microan\u00e1lise<br \/>\n26 a 29 de Agosto de 2007 &#8211; Hotel Atl\u00e2ntico B\u00fazios, Rio de Janeiro, RJ.<br \/>\n600 participantes<\/p>\n<hr class=\" hr_color\" style=\"margin: 0 auto 30px;\"\/>\n\n<p>XII Congresso Brasileiro de Obesidade e S\u00edndrome Metab\u00f3lica &#8211; ABESO<br \/>\nCliente: Associa\u00e7\u00e3o Brasileira para o Estudo da Obesidade e da S\u00edndrome Metab\u00f3lica<br \/>\n16 a 19 de Agosto de 2007, Hotel Transam\u00e9rica, S\u00e3o Paulo, SP.<br \/>\nPrevis\u00e3o: 1700 participantes<\/p>\n<hr class=\" hr_color\" style=\"margin: 0 auto 30px;\"\/>\n\n<p>VII S\u00e3o Paulo Research Conference &#8220;C\u00e9rebro e Pensamento&#8221;<br \/>\nCliente: Prof. Boris Vargaftig \u2013 Pr\u00f3 Reitoria de Pesquisas da USP<br \/>\n09 a 11 de Agosto de 2007- Faculdade de Arquitetura e Urbanismo \u2013 FAU<br \/>\n800 participantes<\/p>\n<hr class=\" hr_color\" style=\"margin: 0 auto 30px;\"\/>\n\n<p>Encontro do IWG \u2013 International Work Group on Death, Dying and Bereavement<br \/>\nCliente: 4 Esta\u00e7\u00f5es Instituto de Psicologia<br \/>\n17 a 22 de junho de 2007, Paulista Plaza Hotel, S\u00e3o Paulo, SP<br \/>\n80 participantes<\/p>\n<hr class=\" hr_color\" style=\"margin: 0 auto 30px;\"\/>\n\n<p>II Encontro Internacional sobre Luto e Cuidados Paliativos e V Jornada Paulista sobre Luto<br \/>\nCliente: 4 Esta\u00e7\u00f5es Instituto de Psicologia<br \/>\n16 e 17 junho de 2007 Centro de Conven\u00e7\u00f5es B&#8217;Nai B&#8217;rith, S\u00e3o Paulo, SP<br \/>\n250 participantes<\/p>\n<hr class=\" hr_color\" style=\"margin: 0 auto 30px;\"\/>\n\n<p>7\u00b0 COPEM &#8211; Congresso Paulista de Endocrinologia e Metabologia<br \/>\nCliente &#8211; Sociedade Brasileira de Endocrinologia e Metabologia \u2013 Regional SP<br \/>\n24 a 26 de maio de 2007 &#8211; Centro de Conven\u00e7\u00f5es Frei Caneca &#8211; S\u00e3o Paulo, SP<br \/>\n1500 participantes<\/p>\n<hr class=\" hr_color\" style=\"margin: 0 auto 30px;\"\/>\n\n<p>1\u00ba Congresso Internacional do Servi\u00e7o de Psiquiatria da Inf\u00e2ncia e Adolesc\u00eancia do<br \/>\nInstituto de Psiquiatria do HC da FM USP &#8211; SEPIA IPq HC FMUSP e XIII Encontro de Amigos pelo Autismo da AMA<br \/>\nCliente: Centro de Estudos do Instituto de Psiquiatria &#8211; CEIP HC-FMUSP<br \/>\n21 a 24 de Mar\u00e7o de 2007 &#8211; UNIP- Universidade Paulista &#8211; Campus Para\u00edso &#8211; S\u00e3o Paulo, SP<br \/>\n1450 participantes<\/p>\n","protected":false},"excerpt":{"rendered":"<p>1\u00ba Congresso Brasileiro de Ofensas Sexuais Cliente: ABTO \u2013 Assoc. Brasileira de Preven\u00e7\u00e3o e Tratamento da Ofensa Sexual 23 a 25 de novembro de 2.007 \u2013 [&hellip;]<\/p>\n","protected":false},"author":1,"featured_media":2088,"parent":0,"menu_order":0,"comment_status":"closed","ping_status":"closed","template":"","meta":[],"_links":{"self":[{"href":"http:\/\/www.eventus.com.br\/portal\/wp-json\/wp\/v2\/pages\/469"}],"collection":[{"href":"http:\/\/www.eventus.com.br\/portal\/wp-json\/wp\/v2\/pages"}],"about":[{"href":"http:\/\/www.eventus.com.br\/portal\/wp-json\/wp\/v2\/types\/page"}],"author":[{"embeddable":true,"href":"http:\/\/www.eventus.com.br\/portal\/wp-json\/wp\/v2\/users\/1"}],"replies":[{"embeddable":true,"href":"http:\/\/www.eventus.com.br\/portal\/wp-json\/wp\/v2\/comments?post=469"}],"version-history":[{"count":6,"href":"http:\/\/www.eventus.com.br\/portal\/wp-json\/wp\/v2\/pages\/469\/revisions"}],"predecessor-version":[{"id":2050,"href":"http:\/\/www.eventus.com.br\/portal\/wp-json\/wp\/v2\/pages\/469\/revisions\/2050"}],"wp:featuredmedia":[{"embeddable":true,"href":"http:\/\/www.eventus.com.br\/portal\/wp-json\/wp\/v2\/media\/2088"}],"wp:attachment":[{"href":"http:\/\/www.eventus.com.br\/portal\/wp-json\/wp\/v2\/media?parent=469"}],"curies":[{"name":"wp","href":"https:\/\/api.w.org\/{rel}","templated":true}]}}