{"id":472,"date":"2015-11-19T18:46:57","date_gmt":"2015-11-19T20:46:57","guid":{"rendered":"http:\/\/www.eventus.com.br\/portal\/?page_id=472"},"modified":"2016-01-27T23:05:06","modified_gmt":"2016-01-28T01:05:06","slug":"eventos-realizados-2008","status":"publish","type":"page","link":"http:\/\/www.eventus.com.br\/portal\/eventos-realizados-2008\/","title":{"rendered":"EVENTOS REALIZADOS 2008"},"content":{"rendered":"<p>&nbsp;<\/p>\n<p>I SINUCA \u2013 I Simp\u00f3sio de Nutri\u00e7\u00e3o Cl\u00ednica da ABESO<br \/>\nCliente: ABESO<br \/>\n12 e 13 de Dezembro de 2008 \u2013 Centro de Conven\u00e7\u00f5es Fecom\u00e9rcio \u2013 S\u00e3o Paulo \u2013 SP<br \/>\n380 participantes<br \/>\nwww.abeso.org.br\/sinuca<\/p>\n<hr class=\" hr_color\" style=\"margin: 0 auto 30px;\"\/>\n\n<p>4\u00ba Congresso Brasileiro de Neurologia Infantil e 13\u00ba Encontro Nacional da Sociedade Brasileira de Neurologia Infantil<br \/>\nCliente: Sociedade Brasileira de Neurologia Infantil<br \/>\n21 e 22 de Novembro de 2008 \u2013 Golden Tulip Paulista Plaza \u2013 S\u00e3o Paulo \u2013 SP<br \/>\n393 participantes<br \/>\nwww.sbni.com.br\/congresso<\/p>\n<hr class=\" hr_color\" style=\"margin: 0 auto 30px;\"\/>\n\n<p>IV Curso de Atualiza\u00e7\u00e3o em Endocrinologia na Pr\u00e1tica Ambulatorial<br \/>\nCliente: Servi\u00e7o de Endocrinologia e Metabologia do Hospital das Cl\u00ednicas da FMUSP<br \/>\n25 de Outubro de 2008 \u2013 Centro de Conven\u00e7\u00f5es Rebou\u00e7as \u2013 S\u00e3o Paulo \u2013 SP<br \/>\n101 participantes<br \/>\nwww.yvanzucareli.com\/curso<\/p>\n<hr class=\" hr_color\" style=\"margin: 0 auto 30px;\"\/>\n\n<p>40\u00ba Congresso Brasileiro de Farmacologia e Terap\u00eautica Experimental<br \/>\nCliente: Sociedade Brasileira de Farmacologia Terap\u00eautica \u2013 SBFTe<br \/>\n16 a 19 de Outubro de 2008 \u2013 Hotel Vacance \u2013 \u00c1guas de Lind\u00f3ia \u2013 SP<br \/>\n757 participantes<br \/>\nwww.sbfte.org.br\/congresso<\/p>\n<hr class=\" hr_color\" style=\"margin: 0 auto 30px;\"\/>\n\n<p>II BRADOO \u2013 Congresso Brasileiro de Densitometria, Osteoporose e Osteometabolismo<br \/>\nCliente: SBDENS, SOBRAO e SOBEMOM<br \/>\n16 a 18 de Outubro de 2008 \u2013 AMCHAM (American Chamber) \u2013 S\u00e3o Paulo \u2013 SP<br \/>\n514 participantes<br \/>\nwww.sbdens.org.br\/bradoo<\/p>\n<hr class=\" hr_color\" style=\"margin: 0 auto 30px;\"\/>\n\n<p>Encontro Nacional De P\u00f3s-Gradua\u00e7\u00e3o em Sa\u00fade<br \/>\nCliente: Faculdade de Medicina de Botucatu \u2013 UNESP<br \/>\n25 a 27 de Setembro de 2008 \u2013 Hotel Fonte Colina Verde \u2013 S\u00e3o Pedro \u2013 SP<br \/>\n468 participantes<br \/>\nwww.iipgsaude.fmb.unesp.br<\/p>\n<hr class=\" hr_color\" style=\"margin: 0 auto 30px;\"\/>\n\n<p>XI S\u00e3o Paulo Research Conference: &#8220;Medicina Molecular e Farmacogen\u00e9tica&#8221;<br \/>\nCliente: Prof. Boris Vargaftig \u2013 Pr\u00f3 Reitoria de Pesquisas da USP<br \/>\n18 a 20 de Setembro de 2008 \u2013 Centro de Conven\u00e7\u00f5es Rebou\u00e7as \u2013 S\u00e3o Paulo \u2013 SP<br \/>\n417 participantes<br \/>\nwww.eventus.com.br\/bioconferences\/sprc11<\/p>\n<hr class=\" hr_color\" style=\"margin: 0 auto 30px;\"\/>\n\n<p>XX Simp\u00f3sio de Plantas Medicinais do Brasil &amp; X Congresso Internacional de<br \/>\nEtnofarmacologia<br \/>\nCliente: Associa\u00e7\u00e3o CEBRID \u2013 Centro Brasileiro de Informa\u00e7\u00f5es sobre Drogas Psicotr\u00f3picas<br \/>\n16 a 19 de Setembro de 2008 \u2013 Centro de Conven\u00e7\u00f5es Frei Caneca \u2013 S\u00e3o Paulo \u2013 SP<br \/>\n1737 participantes<br \/>\nwww.plantasmedicinais.unifesp.br<br \/>\n<hr class=\" hr_color\" style=\"margin: 0 auto 30px;\"\/>\n<\/p>\n<p>I Congresso IBRO\/LARC de Neuroci\u00eancias da Am\u00e9rica Latina, Caribe e<br \/>\nPen\u00ednsula Ib\u00e9rica (Neurolatam)<br \/>\nCliente: Sociedade Brasileira de Neuroci\u00eancias e Comportamento \u2013 SBNeC<br \/>\n1 a 4 de Setembro de 2008 \u2013 Hotel Atl\u00e2ntico B\u00fazios \u2013 B\u00fazios \u2013 RJ<br \/>\n1935 participantes<br \/>\nwww.neurolatam.sbnec.org<\/p>\n<hr class=\" hr_color\" style=\"margin: 0 auto 30px;\"\/>\n\n<p>XIII International Symposium on Cholinergic Mechanisms<br \/>\nCliente: Profa Rosely Godinho, UNIFESP<br \/>\n16 a 20 de Agosto de 2008 \u2013 Rafain Palace Hotel \u2013 Foz de Igua\u00e7u \u2013 PR<br \/>\n172 participantes<br \/>\nwww.iscm2008.com.br<\/p>\n<hr class=\" hr_color\" style=\"margin: 0 auto 30px;\"\/>\n\n<p>X S\u00e3o Paulo Research Conference: &#8220;Origens da Vida&#8221;<br \/>\nCliente: Prof. Boris Vargaftig \u2013 Pr\u00f3 Reitoria de Pesquisas da USP<br \/>\n19 a 21 de Junho de 2008 \u2013 Audit\u00f3rio da FAU \u2013 USP \u2013 S\u00e3o Paulo \u2013 SP<br \/>\n162 participantes<br \/>\neventus.com.br\/bioconferences\/sprc10<\/p>\n<hr class=\" hr_color\" style=\"margin: 0 auto 30px;\"\/>\n\n<p>XXXII Congresso da Liga Brasileira de Epilepsia<br \/>\nCliente: Liga Brasileira de Epilepsia \u2013 LBE<br \/>\n11 a 15 de Junho de 2008 \u2013 The Royal Palm Plaza \u2013 Campinas \u2013 SP<br \/>\n465 participantes<br \/>\neventus.com.br\/epilepsia<\/p>\n<hr class=\" hr_color\" style=\"margin: 0 auto 30px;\"\/>\n\n<p>IX S\u00e3o Paulo Research Conference: &#8220;Drogas &#8211; uma abordagem interdisciplinar&#8221;<br \/>\nCliente: Prof. Boris Vargaftig \u2013 Pr\u00f3 Reitoria de Pesquisas da USP<br \/>\n29 a 31 de Maio de 2008 \u2013 Faculdade de Direito \u2013 USP \u2013 S\u00e3o Paulo \u2013 SP<br \/>\nExpectativa: 600 participantes<br \/>\neventus.com.br\/bioconferences\/sprc9<\/p>\n<hr class=\" hr_color\" style=\"margin: 0 auto 30px;\"\/>\n\n<p>XIII Encontro Brasileiro de Tire\u00f3ide<br \/>\nCliente: Sociedade Brasileira de Endocrinologia e Metabologia<br \/>\n22 a 25 de Maio de 2008 \u2013 Royal Palm Plaza \u2013 Campinas \u2013 SP<br \/>\nExpectativa: 1.800 participantes<br \/>\neventus.com.br\/ebt<\/p>\n<hr class=\" hr_color\" style=\"margin: 0 auto 30px;\"\/>\n\n<p>VIII Congresso Paulista de Diabetes e Metabolismo<br \/>\nCliente: Sociedade Paulista de Diabetes e Metabolismo<br \/>\n15 a 18 de Maio de 2008 \u2013 Hotel Vacance \u2013 \u00c1guas de Lind\u00f3ia \u2013 SP<br \/>\nExpectativa: 500 participantes<br \/>\neventus.com.br\/diabetes2008<\/p>\n<hr class=\" hr_color\" style=\"margin: 0 auto 30px;\"\/>\n\n<p>Encontro Internacional de Esclerodermia<br \/>\nCliente: Dr Percival Sampaio Barros<br \/>\n7 a 10 de Maio de 2008 \u2013 The Royal Palm Plaza \u2013 Campinas \u2013 SP<br \/>\nExpectativa: 60 participantes<\/p>\n","protected":false},"excerpt":{"rendered":"<p>&nbsp; I SINUCA \u2013 I Simp\u00f3sio de Nutri\u00e7\u00e3o Cl\u00ednica da ABESO Cliente: ABESO 12 e 13 de Dezembro de 2008 \u2013 Centro de Conven\u00e7\u00f5es Fecom\u00e9rcio \u2013 [&hellip;]<\/p>\n","protected":false},"author":1,"featured_media":2088,"parent":0,"menu_order":0,"comment_status":"closed","ping_status":"closed","template":"","meta":[],"_links":{"self":[{"href":"http:\/\/www.eventus.com.br\/portal\/wp-json\/wp\/v2\/pages\/472"}],"collection":[{"href":"http:\/\/www.eventus.com.br\/portal\/wp-json\/wp\/v2\/pages"}],"about":[{"href":"http:\/\/www.eventus.com.br\/portal\/wp-json\/wp\/v2\/types\/page"}],"author":[{"embeddable":true,"href":"http:\/\/www.eventus.com.br\/portal\/wp-json\/wp\/v2\/users\/1"}],"replies":[{"embeddable":true,"href":"http:\/\/www.eventus.com.br\/portal\/wp-json\/wp\/v2\/comments?post=472"}],"version-history":[{"count":6,"href":"http:\/\/www.eventus.com.br\/portal\/wp-json\/wp\/v2\/pages\/472\/revisions"}],"predecessor-version":[{"id":2066,"href":"http:\/\/www.eventus.com.br\/portal\/wp-json\/wp\/v2\/pages\/472\/revisions\/2066"}],"wp:featuredmedia":[{"embeddable":true,"href":"http:\/\/www.eventus.com.br\/portal\/wp-json\/wp\/v2\/media\/2088"}],"wp:attachment":[{"href":"http:\/\/www.eventus.com.br\/portal\/wp-json\/wp\/v2\/media?parent=472"}],"curies":[{"name":"wp","href":"https:\/\/api.w.org\/{rel}","templated":true}]}}